{"id":402,"date":"2020-07-20T10:38:46","date_gmt":"2020-07-20T10:38:46","guid":{"rendered":"https:\/\/piratenbande-hennef.de\/?page_id=402"},"modified":"2020-09-16T16:46:31","modified_gmt":"2020-09-16T16:46:31","slug":"angebote-und-foerderung","status":"publish","type":"page","link":"https:\/\/piratenbande-hennef.de\/?page_id=402","title":{"rendered":"Angebote und F\u00f6rderung"},"content":{"rendered":"<h1>Angebote<br \/>und <br \/>F\u00f6rderung<\/h1>\n<h1>Unsere Ziele<\/h1>\n<div>\n<p>Das Hauptziel unserer p\u00e4dagogischen Arbeit ist es, den Kindern reizvolle Angebote und F\u00f6rderung zu bieten, in der sich die Kinder wohlf\u00fchlen und verstanden werden.<br \/>Dazu geh\u00f6rt f\u00fcr uns, ihnen Werte vorzuleben und zu vermitteln, die ihnen als gute Basis dienen stark, mutig, selbstst\u00e4ndig und selbstbewusst durch das Leben zu gehen.<\/p>\n<p><strong>Hilfsbereitschaft, Ehrlichkeit, Gerechtigkeit, ein wertsch\u00e4tzendes Miteinander, Ablehnung von Gewalt, andere Menschen und Kulturen respektieren, H\u00f6flichkeit und R\u00fccksichtnahme sind f\u00fcr uns eine Selbstverst\u00e4ndlichkeit.<\/strong><\/p>\n<p>&#8222;Kinder brauchen eine Umwelt, die man anfassen, f\u00fchlen, h\u00f6ren, riechen, in der man sich bewegen, und Erfahrungen sammeln kann!&#8220;<\/p>\n<\/div>\n<h1>Was sie von uns erwarten k\u00f6nnen<\/h1>\n<ul>\n<li>\n<div>\n<p>Zuverl\u00e4ssigkeit<\/p>\n<\/div>\n<\/li>\n<li>\n<div>\n<p>Eine wertsch\u00e4tzende Betreuung<\/p>\n<\/div>\n<\/li>\n<li>\n<div>\n<p>Freundlichkeit und Herzlichkeit<\/p>\n<\/div>\n<\/li>\n<li>\n<div>\n<p>Individuelle F\u00f6rderung und Pflege<\/p>\n<\/div>\n<\/li>\n<li>\n<div>\n<p>Ausgewogene, gesunde Ern\u00e4hrung<\/p>\n<\/div>\n<\/li>\n<li>\n<div>\n<p>Sauberkeit und Hygiene<\/p>\n<\/div>\n<\/li>\n<li>\n<div>\n<p>Geregelter Tagesablauf<\/p>\n<\/div>\n<\/li>\n<li>\n<div>\n<p>Kreativit\u00e4t<\/p>\n<\/div>\n<\/li>\n<li>\n<div>\n<p>Empathie<\/p>\n<\/div>\n<\/li>\n<li>\n<div>\n<p>Flexibilit\u00e4t<\/p>\n<\/div>\n<\/li>\n<li>\n<div>\n<p>und noch vieles mehr&#8230;<\/p>\n<\/div>\n<\/li>\n<\/ul>\n<h1>Was Ihr Kind bei uns erwarten kann<\/h1>\n<ul>\n<li>\n<div>\n<p>Fr\u00f6hliche Spielzeiten<\/p>\n<\/div>\n<\/li>\n<li>\n<div>\n<p>Kreatives Basteln, Malen, Kneten&#8230;<\/p>\n<\/div>\n<\/li>\n<li>\n<div>\n<p>Gemeinschaft mit anderen Kindern<\/p>\n<\/div>\n<\/li>\n<li>\n<div>\n<p>Das Feiern von Festen und Geburtstagen<\/p>\n<\/div>\n<\/li>\n<li>\n<div>\n<p>Unterhaltungen beim B\u00fccherlesen\/Geschichten erz\u00e4hlen<\/p>\n<\/div>\n<\/li>\n<li>\n<div>\n<p>Bewegungsangebote<\/p>\n<\/div>\n<\/li>\n<li>\n<div>\n<p>Gemeinsame, regelm\u00e4\u00dfige, abwechslungsreiche Mahlzeiten<\/p>\n<\/div>\n<\/li>\n<li>\n<div>\n<p>Lieder singen und musizieren<\/p>\n<\/div>\n<\/li>\n<li>\n<div>\n<p>Natur erleben bei Spazierg\u00e4ngen und Ausfl\u00fcgen<\/p>\n<\/div>\n<\/li>\n<li>\n<div>\n<p>Beziehungsvolle Pflege<\/p>\n<\/div>\n<\/li>\n<li>\n<div>\n<p>Bewegungsfreundliche Umgebung<\/p>\n<\/div>\n<\/li>\n<\/ul>\n<div>\n<p>Jedes Kind ist individuell und einzigartig. Dies soll auch so sein.<\/p>\n<p>Ihr Vertrauen und der t\u00e4gliche Austausch ist f\u00fcr uns ein wichtiger Bestandteil unserer Arbeit, denn es geht um Ihr gr\u00f6\u00dftes Gl\u00fcck&#8230;<\/p>\n<p>&#8230;Ihr eigenes Kind!<\/p>\n<\/div>\n<h2>\n<p>Sie haben Fragen <br \/>oder Anregungen?<br \/>Sprechen Sie uns gerne an!<\/p>\n<\/h2>\n<p>\n    <a href=\"mailto:info@piratenbande-hennef.de\">E-Mail<\/a>\n<\/p>\n<p><!-- {\"children\":[{\"type\":\"section\",\"props\":{\"style\":\"default\",\"width\":\"default\",\"vertical_align\":\"middle\",\"title_position\":\"top-left\",\"title_rotation\":\"left\",\"title_breakpoint\":\"xl\",\"image_position\":\"center-center\",\"padding\":\"xlarge\",\"image\":\"wp-content\\\/uploads\\\/DSC1973-scaled.jpeg\",\"css\":\"\\n\",\"image_size\":\"cover\",\"image_width\":\"1840\",\"height\":\"percent\",\"title\":\"\\u00dcber uns\",\"text_color\":\"light\"},\"children\":[{\"type\":\"row\",\"children\":[{\"type\":\"column\",\"props\":{\"image_position\":\"center-center\",\"media_overlay_gradient\":\"\",\"width_medium\":\"1-1\"},\"children\":[{\"type\":\"headline\",\"props\":{\"title_element\":\"h1\",\"content\":\"Angebote<br \\\/>und <br \\\/>F\\u00f6rderung\",\"title_style\":\"heading-medium\",\"text_align\":\"center\"}}]}]}],\"name\":\"Header \\u00dcber uns\"},{\"type\":\"section\",\"props\":{\"style\":\"default\",\"width\":\"default\",\"vertical_align\":\"middle\",\"title_position\":\"top-left\",\"title_rotation\":\"left\",\"title_breakpoint\":\"xl\",\"image_position\":\"center-center\"},\"children\":[{\"type\":\"row\",\"children\":[{\"type\":\"column\",\"props\":{\"image_position\":\"center-center\",\"media_overlay_gradient\":\"\"},\"children\":[{\"type\":\"headline\",\"props\":{\"title_element\":\"h1\",\"content\":\"Unsere Ziele\",\"title_style\":\"h4\"}},{\"type\":\"text\",\"props\":{\"margin\":\"default\",\"column_breakpoint\":\"m\",\"content\":\"\n\n<p>Das Hauptziel unserer p\\u00e4dagogischen Arbeit ist es, den Kindern reizvolle Angebote und F\\u00f6rderung zu bieten, in der sich die Kinder wohlf\\u00fchlen und verstanden werden.<br \\\/>Dazu geh\\u00f6rt f\\u00fcr uns, ihnen Werte vorzuleben und zu vermitteln, die ihnen als gute Basis dienen stark, mutig, selbstst\\u00e4ndig und selbstbewusst durch das Leben zu gehen.<\\\/p>\\n\n\n<p><strong>Hilfsbereitschaft, Ehrlichkeit, Gerechtigkeit, ein wertsch\\u00e4tzendes Miteinander, Ablehnung von Gewalt, andere Menschen und Kulturen respektieren, H\\u00f6flichkeit und R\\u00fccksichtnahme sind f\\u00fcr uns eine Selbstverst\\u00e4ndlichkeit.<\\\/strong><\\\/p>\\n\n\n<p>\\\"Kinder brauchen eine Umwelt, die man anfassen, f\\u00fchlen, h\\u00f6ren, riechen, in der man sich bewegen, und Erfahrungen sammeln kann!\\\"<\\\/p>\"}}]}]},{\"type\":\"row\",\"children\":[{\"type\":\"column\",\"props\":{\"image_position\":\"center-center\",\"media_overlay_gradient\":\"\",\"width_medium\":\"1-2\"},\"children\":[{\"type\":\"headline\",\"props\":{\"title_element\":\"h1\",\"content\":\"Was sie von uns erwarten k\\u00f6nnen\",\"title_style\":\"h4\"}},{\"type\":\"list\",\"props\":{\"show_image\":true,\"show_link\":true,\"list_element\":\"ul\",\"column_breakpoint\":\"m\",\"image_svg_color\":\"emphasis\",\"image_align\":\"left\",\"image_vertical_align\":true,\"list_marker_color\":\"\",\"icon\":\"\",\"icon_color\":\"success\"},\"children\":[{\"type\":\"list_item\",\"props\":{\"content\":\"\n\n<p>Zuverl\\u00e4ssigkeit<\\\/p>\",\"icon\":\"check\"}},{\"type\":\"list_item\",\"props\":{\"content\":\"\n\n<p>Eine wertsch\\u00e4tzende Betreuung<\\\/p>\",\"icon\":\"check\"}},{\"type\":\"list_item\",\"props\":{\"content\":\"\n\n<p>Freundlichkeit und Herzlichkeit<\\\/p>\",\"icon\":\"check\"}},{\"type\":\"list_item\",\"props\":{\"content\":\"\n\n<p>Individuelle F\\u00f6rderung und Pflege<\\\/p>\",\"icon\":\"check\"}},{\"type\":\"list_item\",\"props\":{\"content\":\"\n\n<p>Ausgewogene, gesunde Ern\\u00e4hrung<\\\/p>\",\"icon\":\"check\"}},{\"type\":\"list_item\",\"props\":{\"content\":\"\n\n<p>Sauberkeit und Hygiene<\\\/p>\",\"icon\":\"check\"}},{\"type\":\"list_item\",\"props\":{\"content\":\"\n\n<p>Geregelter Tagesablauf<\\\/p>\",\"icon\":\"check\"}},{\"type\":\"list_item\",\"props\":{\"content\":\"\n\n<p>Kreativit\\u00e4t<\\\/p>\",\"icon\":\"check\"}},{\"type\":\"list_item\",\"props\":{\"content\":\"\n\n<p>Empathie<\\\/p>\",\"icon\":\"check\"}},{\"type\":\"list_item\",\"props\":{\"content\":\"\n\n<p>Flexibilit\\u00e4t<\\\/p>\",\"icon\":\"check\"}},{\"type\":\"list_item\",\"props\":{\"content\":\"\n\n<p>und noch vieles mehr...<\\\/p>\",\"icon\":\"check\"}}]}]},{\"type\":\"column\",\"props\":{\"image_position\":\"center-center\",\"media_overlay_gradient\":\"\",\"width_medium\":\"1-2\"},\"children\":[{\"type\":\"headline\",\"props\":{\"title_element\":\"h1\",\"content\":\"Was Ihr Kind bei uns erwarten kann\",\"title_style\":\"h4\"}},{\"type\":\"list\",\"props\":{\"show_image\":true,\"show_link\":true,\"list_element\":\"ul\",\"column_breakpoint\":\"m\",\"image_svg_color\":\"emphasis\",\"image_align\":\"left\",\"image_vertical_align\":true,\"list_marker_color\":\"\",\"icon\":\"\",\"icon_color\":\"success\"},\"children\":[{\"type\":\"list_item\",\"props\":{\"content\":\"\n\n<p>Fr\\u00f6hliche Spielzeiten<\\\/p>\",\"icon\":\"check\"}},{\"type\":\"list_item\",\"props\":{\"content\":\"\n\n<p>Kreatives Basteln, Malen, Kneten...<\\\/p>\",\"icon\":\"check\"}},{\"type\":\"list_item\",\"props\":{\"content\":\"\n\n<p>Gemeinschaft mit anderen Kindern<\\\/p>\",\"icon\":\"check\"}},{\"type\":\"list_item\",\"props\":{\"content\":\"\n\n<p>Das Feiern von Festen und Geburtstagen<\\\/p>\",\"icon\":\"check\"}},{\"type\":\"list_item\",\"props\":{\"content\":\"\n\n<p>Unterhaltungen beim B\\u00fccherlesen\\\/Geschichten erz\\u00e4hlen<\\\/p>\",\"icon\":\"check\"}},{\"type\":\"list_item\",\"props\":{\"content\":\"\n\n<p>Bewegungsangebote<\\\/p>\",\"icon\":\"check\"}},{\"type\":\"list_item\",\"props\":{\"content\":\"\n\n<p>Gemeinsame, regelm\\u00e4\\u00dfige, abwechslungsreiche Mahlzeiten<\\\/p>\",\"icon\":\"check\"}},{\"type\":\"list_item\",\"props\":{\"content\":\"\n\n<p>Lieder singen und musizieren<\\\/p>\",\"icon\":\"check\"}},{\"type\":\"list_item\",\"props\":{\"content\":\"\n\n<p>Natur erleben bei Spazierg\\u00e4ngen und Ausfl\\u00fcgen<\\\/p>\",\"icon\":\"check\"}},{\"type\":\"list_item\",\"props\":{\"content\":\"\n\n<p>Beziehungsvolle Pflege<\\\/p>\",\"icon\":\"check\"}},{\"type\":\"list_item\",\"props\":{\"content\":\"\n\n<p>Bewegungsfreundliche Umgebung<\\\/p>\",\"icon\":\"check\"}}]}]}],\"props\":{\"layout\":\"1-2,1-2\"}},{\"type\":\"row\",\"children\":[{\"type\":\"column\",\"props\":{\"image_position\":\"center-center\",\"media_overlay_gradient\":\"\"},\"children\":[{\"type\":\"text\",\"props\":{\"margin\":\"default\",\"column_breakpoint\":\"m\",\"content\":\"\n\n<p>Jedes Kind ist individuell und einzigartig. Dies soll auch so sein.<\\\/p>\\n\n\n<p>Ihr Vertrauen und der t\\u00e4gliche Austausch ist f\\u00fcr uns ein wichtiger Bestandteil unserer Arbeit, denn es geht um Ihr gr\\u00f6\\u00dftes Gl\\u00fcck...<\\\/p>\\n\n\n<p>...Ihr eigenes Kind!<\\\/p>\"}}]}]}]},{\"type\":\"section\",\"props\":{\"style\":\"default\",\"width\":\"default\",\"vertical_align\":\"middle\",\"title_position\":\"top-left\",\"title_rotation\":\"left\",\"title_breakpoint\":\"xl\",\"image_position\":\"center-center\",\"text_color\":\"light\",\"padding\":\"xlarge\",\"image\":\"wp-content\\\/uploads\\\/20200916_092117.jpg\",\"image_size\":\"cover\",\"image_width\":\"1840\",\"image_effect\":\"parallax\",\"image_parallax_bgy_start\":\"-200\",\"image_parallax_bgy_end\":\"0\"},\"children\":[{\"type\":\"row\",\"props\":{\"layout\":\"1-2,1-2\"},\"children\":[{\"type\":\"column\",\"props\":{\"image_position\":\"center-center\",\"media_overlay_gradient\":\"\",\"width_medium\":\"1-2\"},\"children\":[{\"type\":\"headline\",\"props\":{\"title_element\":\"h2\",\"text_align\":\"left\",\"text_align_fallback\":\"center\",\"animation\":\"parallax\",\"content\":\"\n\n<p>Sie haben Fragen <br \\\/>oder Anregungen?<br \\\/>Sprechen Sie uns gerne an!<\\\/p>\",\"css\":\".el-element {\\n text-shadow: 2px 2px 1px rgba(17, 17, 17, 1);\\n}\"}},{\"type\":\"button\",\"props\":{\"margin\":\"default\",\"button_size\":\"large\",\"text_align\":\"left\",\"grid_column_gap\":\"small\",\"grid_row_gap\":\"small\"},\"children\":[{\"type\":\"button_item\",\"props\":{\"button_style\":\"primary\",\"icon_align\":\"left\",\"content\":\"E-Mail\",\"link\":\"mailto:info@piratenbande-hennef.de\"}}]}]},{\"type\":\"column\",\"props\":{\"image_position\":\"center-center\",\"media_overlay_gradient\":\"\",\"width_medium\":\"1-2\"},\"children\":[]}]}],\"name\":\"Call to action-01\"}],\"version\":\"2.2.4\",\"type\":\"layout\"} --><\/p>\n","protected":false},"excerpt":{"rendered":"<p>Angeboteund F\u00f6rderung Unsere Ziele Das Hauptziel unserer p\u00e4dagogischen Arbeit ist es, den Kindern reizvolle Angebote und F\u00f6rderung zu bieten, in der sich die Kinder wohlf\u00fchlen und verstanden werden.Dazu geh\u00f6rt f\u00fcr uns, ihnen Werte vorzuleben und zu vermitteln, die ihnen als gute Basis dienen stark, mutig, selbstst\u00e4ndig und selbstbewusst durch das Leben zu gehen. Hilfsbereitschaft, Ehrlichkeit, [&hellip;]<\/p>\n","protected":false},"author":1,"featured_media":0,"parent":0,"menu_order":0,"comment_status":"closed","ping_status":"closed","template":"","meta":{"footnotes":""},"yoast_head":"<!-- This site is optimized with the Yoast SEO plugin v22.6 - https:\/\/yoast.com\/wordpress\/plugins\/seo\/ -->\n<title>Angebote und F\u00f6rderung - Piratenbande Hennef - Grosstagespflege<\/title>\n<meta name=\"robots\" content=\"index, follow, max-snippet:-1, max-image-preview:large, max-video-preview:-1\" \/>\n<link rel=\"canonical\" href=\"https:\/\/piratenbande-hennef.de\/?page_id=402\" \/>\n<meta property=\"og:locale\" content=\"de_DE\" \/>\n<meta property=\"og:type\" content=\"article\" \/>\n<meta property=\"og:title\" content=\"Angebote und F\u00f6rderung - Piratenbande Hennef - Grosstagespflege\" \/>\n<meta property=\"og:description\" content=\"Angeboteund F\u00f6rderung Unsere Ziele Das Hauptziel unserer p\u00e4dagogischen Arbeit ist es, den Kindern reizvolle Angebote und F\u00f6rderung zu bieten, in der sich die Kinder wohlf\u00fchlen und verstanden werden.Dazu geh\u00f6rt f\u00fcr uns, ihnen Werte vorzuleben und zu vermitteln, die ihnen als gute Basis dienen stark, mutig, selbstst\u00e4ndig und selbstbewusst durch das Leben zu gehen. Hilfsbereitschaft, Ehrlichkeit, [&hellip;]\" \/>\n<meta property=\"og:url\" content=\"https:\/\/piratenbande-hennef.de\/?page_id=402\" \/>\n<meta property=\"og:site_name\" content=\"Piratenbande Hennef - Grosstagespflege\" \/>\n<meta property=\"article:modified_time\" content=\"2020-09-16T16:46:31+00:00\" \/>\n<meta name=\"twitter:card\" content=\"summary_large_image\" \/>\n<meta name=\"twitter:label1\" content=\"Gesch\u00e4tzte Lesezeit\" \/>\n\t<meta name=\"twitter:data1\" content=\"1\u00a0Minute\" \/>\n<script type=\"application\/ld+json\" class=\"yoast-schema-graph\">{\"@context\":\"https:\/\/schema.org\",\"@graph\":[{\"@type\":\"WebPage\",\"@id\":\"https:\/\/piratenbande-hennef.de\/?page_id=402\",\"url\":\"https:\/\/piratenbande-hennef.de\/?page_id=402\",\"name\":\"Angebote und F\u00f6rderung - Piratenbande Hennef - Grosstagespflege\",\"isPartOf\":{\"@id\":\"https:\/\/piratenbande-hennef.de\/#website\"},\"datePublished\":\"2020-07-20T10:38:46+00:00\",\"dateModified\":\"2020-09-16T16:46:31+00:00\",\"breadcrumb\":{\"@id\":\"https:\/\/piratenbande-hennef.de\/?page_id=402#breadcrumb\"},\"inLanguage\":\"de\",\"potentialAction\":[{\"@type\":\"ReadAction\",\"target\":[\"https:\/\/piratenbande-hennef.de\/?page_id=402\"]}]},{\"@type\":\"BreadcrumbList\",\"@id\":\"https:\/\/piratenbande-hennef.de\/?page_id=402#breadcrumb\",\"itemListElement\":[{\"@type\":\"ListItem\",\"position\":1,\"name\":\"Startseite\",\"item\":\"https:\/\/piratenbande-hennef.de\/\"},{\"@type\":\"ListItem\",\"position\":2,\"name\":\"Angebote und F\u00f6rderung\"}]},{\"@type\":\"WebSite\",\"@id\":\"https:\/\/piratenbande-hennef.de\/#website\",\"url\":\"https:\/\/piratenbande-hennef.de\/\",\"name\":\"Piratenbande Hennef - Grosstagespflege\",\"description\":\"Grosstagespflege Piratenbande Hennef\",\"publisher\":{\"@id\":\"https:\/\/piratenbande-hennef.de\/#organization\"},\"potentialAction\":[{\"@type\":\"SearchAction\",\"target\":{\"@type\":\"EntryPoint\",\"urlTemplate\":\"https:\/\/piratenbande-hennef.de\/?s={search_term_string}\"},\"query-input\":\"required name=search_term_string\"}],\"inLanguage\":\"de\"},{\"@type\":\"Organization\",\"@id\":\"https:\/\/piratenbande-hennef.de\/#organization\",\"name\":\"Grosstagespflege Piratenbande Hennef\",\"url\":\"https:\/\/piratenbande-hennef.de\/\",\"logo\":{\"@type\":\"ImageObject\",\"inLanguage\":\"de\",\"@id\":\"https:\/\/piratenbande-hennef.de\/#\/schema\/logo\/image\/\",\"url\":\"https:\/\/piratenbande-hennef.de\/wp-content\/uploads\/logo-01.png\",\"contentUrl\":\"https:\/\/piratenbande-hennef.de\/wp-content\/uploads\/logo-01.png\",\"width\":550,\"height\":463,\"caption\":\"Grosstagespflege Piratenbande Hennef\"},\"image\":{\"@id\":\"https:\/\/piratenbande-hennef.de\/#\/schema\/logo\/image\/\"}}]}<\/script>\n<!-- \/ Yoast SEO plugin. -->","yoast_head_json":{"title":"Angebote und F\u00f6rderung - Piratenbande Hennef - Grosstagespflege","robots":{"index":"index","follow":"follow","max-snippet":"max-snippet:-1","max-image-preview":"max-image-preview:large","max-video-preview":"max-video-preview:-1"},"canonical":"https:\/\/piratenbande-hennef.de\/?page_id=402","og_locale":"de_DE","og_type":"article","og_title":"Angebote und F\u00f6rderung - Piratenbande Hennef - Grosstagespflege","og_description":"Angeboteund F\u00f6rderung Unsere Ziele Das Hauptziel unserer p\u00e4dagogischen Arbeit ist es, den Kindern reizvolle Angebote und F\u00f6rderung zu bieten, in der sich die Kinder wohlf\u00fchlen und verstanden werden.Dazu geh\u00f6rt f\u00fcr uns, ihnen Werte vorzuleben und zu vermitteln, die ihnen als gute Basis dienen stark, mutig, selbstst\u00e4ndig und selbstbewusst durch das Leben zu gehen. Hilfsbereitschaft, Ehrlichkeit, [&hellip;]","og_url":"https:\/\/piratenbande-hennef.de\/?page_id=402","og_site_name":"Piratenbande Hennef - Grosstagespflege","article_modified_time":"2020-09-16T16:46:31+00:00","twitter_card":"summary_large_image","twitter_misc":{"Gesch\u00e4tzte Lesezeit":"1\u00a0Minute"},"schema":{"@context":"https:\/\/schema.org","@graph":[{"@type":"WebPage","@id":"https:\/\/piratenbande-hennef.de\/?page_id=402","url":"https:\/\/piratenbande-hennef.de\/?page_id=402","name":"Angebote und F\u00f6rderung - Piratenbande Hennef - Grosstagespflege","isPartOf":{"@id":"https:\/\/piratenbande-hennef.de\/#website"},"datePublished":"2020-07-20T10:38:46+00:00","dateModified":"2020-09-16T16:46:31+00:00","breadcrumb":{"@id":"https:\/\/piratenbande-hennef.de\/?page_id=402#breadcrumb"},"inLanguage":"de","potentialAction":[{"@type":"ReadAction","target":["https:\/\/piratenbande-hennef.de\/?page_id=402"]}]},{"@type":"BreadcrumbList","@id":"https:\/\/piratenbande-hennef.de\/?page_id=402#breadcrumb","itemListElement":[{"@type":"ListItem","position":1,"name":"Startseite","item":"https:\/\/piratenbande-hennef.de\/"},{"@type":"ListItem","position":2,"name":"Angebote und F\u00f6rderung"}]},{"@type":"WebSite","@id":"https:\/\/piratenbande-hennef.de\/#website","url":"https:\/\/piratenbande-hennef.de\/","name":"Piratenbande Hennef - Grosstagespflege","description":"Grosstagespflege Piratenbande Hennef","publisher":{"@id":"https:\/\/piratenbande-hennef.de\/#organization"},"potentialAction":[{"@type":"SearchAction","target":{"@type":"EntryPoint","urlTemplate":"https:\/\/piratenbande-hennef.de\/?s={search_term_string}"},"query-input":"required name=search_term_string"}],"inLanguage":"de"},{"@type":"Organization","@id":"https:\/\/piratenbande-hennef.de\/#organization","name":"Grosstagespflege Piratenbande Hennef","url":"https:\/\/piratenbande-hennef.de\/","logo":{"@type":"ImageObject","inLanguage":"de","@id":"https:\/\/piratenbande-hennef.de\/#\/schema\/logo\/image\/","url":"https:\/\/piratenbande-hennef.de\/wp-content\/uploads\/logo-01.png","contentUrl":"https:\/\/piratenbande-hennef.de\/wp-content\/uploads\/logo-01.png","width":550,"height":463,"caption":"Grosstagespflege Piratenbande Hennef"},"image":{"@id":"https:\/\/piratenbande-hennef.de\/#\/schema\/logo\/image\/"}}]}},"_links":{"self":[{"href":"https:\/\/piratenbande-hennef.de\/index.php?rest_route=\/wp\/v2\/pages\/402"}],"collection":[{"href":"https:\/\/piratenbande-hennef.de\/index.php?rest_route=\/wp\/v2\/pages"}],"about":[{"href":"https:\/\/piratenbande-hennef.de\/index.php?rest_route=\/wp\/v2\/types\/page"}],"author":[{"embeddable":true,"href":"https:\/\/piratenbande-hennef.de\/index.php?rest_route=\/wp\/v2\/users\/1"}],"replies":[{"embeddable":true,"href":"https:\/\/piratenbande-hennef.de\/index.php?rest_route=%2Fwp%2Fv2%2Fcomments&post=402"}],"version-history":[{"count":29,"href":"https:\/\/piratenbande-hennef.de\/index.php?rest_route=\/wp\/v2\/pages\/402\/revisions"}],"predecessor-version":[{"id":622,"href":"https:\/\/piratenbande-hennef.de\/index.php?rest_route=\/wp\/v2\/pages\/402\/revisions\/622"}],"wp:attachment":[{"href":"https:\/\/piratenbande-hennef.de\/index.php?rest_route=%2Fwp%2Fv2%2Fmedia&parent=402"}],"curies":[{"name":"wp","href":"https:\/\/api.w.org\/{rel}","templated":true}]}}