{"id":400,"date":"2020-07-20T10:38:46","date_gmt":"2020-07-20T10:38:46","guid":{"rendered":"https:\/\/piratenbande-hennef.de\/?page_id=400"},"modified":"2020-09-02T16:51:34","modified_gmt":"2020-09-02T16:51:34","slug":"paedagogische-ansaetze","status":"publish","type":"page","link":"https:\/\/piratenbande-hennef.de\/?page_id=400","title":{"rendered":"P\u00e4dagogische Ans\u00e4tze"},"content":{"rendered":"<h1>P\u00e4dagogische<br \/>Ans\u00e4tze<\/h1>\n<h1>Unsere p\u00e4dagogischen Schwerpunkte<\/h1>\n<div>\n<p>Wir als Kindertagespflegepersonen sind sehr darauf bedacht, Ihre Kinder vorurteilsfrei zu erziehen. Kinder haben ein Recht darauf, neugierig zu sein, Fehler zu machen, zu experimentieren, Fragen zu stellen, w\u00fctend, traurig, nachdenklich und fr\u00f6hlich zu sein. Trotzdem ist es wichtig, im t\u00e4glichen Leben Regeln und Normen zu lernen und zu beachten, die f\u00fcr eine gesunde Entwicklung n\u00f6tig sind. Kinder brauchen einen strukturierten Tagesablauf mit festen Ritualen, Regeln und Grenzen.<\/p>\n<p>Uns ist es wichtig, den Kindern die M\u00f6glichkeit zu er\u00f6ffnen, sich zu einem eigenst\u00e4ndigen Kind zu entwickeln, das immer selbstst\u00e4ndiger und verantwortungsbewusster wird.<\/p>\n<p>Die Piratenkinder sollen sich bei uns wohl und geborgen f\u00fchlen.<\/p>\n<p>Jedes Kind lernt in erster Linie durch das Spiel.<\/p>\n<p>Ein besonderer Schwerpunkt unserer Arbeit ist die musikalische Fr\u00fcherziehung.<\/p>\n<p>In unserer Tagespflege gibt es im festen Tagesablauf verankert, einen morgendlichen Singkreis, den die Kinder sehr lieben. Wir musizieren gemeinsam mit den Kindern. Hierbei kommen zum Beispiel Klangspiele oder -geschichten zum Einsatz, Bewegungslieder werden gesungen, geklatscht oder wir tanzen einfach zur Musik.<\/p>\n<p>Bevor Kinder \u00fcberhaupt reden k\u00f6nnen, singen sie meist schon und tanzen zu Musik auf ihre ganz eigene Art und Weise. Sie bewegen sich rhythmisch und geben ihre ersten eigenen kreativen Gesangsversuche zum Besten.<\/p>\n<p>Die Kinder werden spielerisch in der Entwicklung der Sprache, der Konzentration und Wahrnehmung, der rhythmischen Bewegung, Motorik und der Kreativit\u00e4t gef\u00f6rdert. Ebenso wichtig ist die F\u00f6rderung der sozialen Kompetenzen, die durch Zuh\u00f6ren, Abwarten und \u201egemeinsam etwas tun\u201c entstehen.<\/p>\n<p>Die Kreativit\u00e4t ist ein weiterer Schwerpunkt unserer Tagespflege.<\/p>\n<p>Bei \u201eBastelarbeiten\u201c mit verschiedenen Materialien wie z.B. Klorollen, Federn oder Bl\u00e4ttern, werden nicht nur feinmotorische Kompetenzen entwickelt, sondern insbesondere auch die Sprachf\u00f6rderung unterst\u00fctzt, da sich beim kreativen Gestalten in der Gruppe immer Sprachanl\u00e4sse ergeben. Kreativit\u00e4t bedeutet nicht nur das Malen von Bildern oder Musizieren, Kreativit\u00e4t zeigt sich im Denken, Handeln und Planen. Kreatives Gestalten ist eine wertvolle Besch\u00e4ftigung von den Kindern in vielerlei Hinsicht profitieren. Verschiedene Dinge zu basteln macht nicht nur viel Spa\u00df, sondern ist zudem eine sinnvolle und wertvolle Besch\u00e4ftigungsm\u00f6glichkeit f\u00fcr Kinder.<\/p>\n<p>Kreativit\u00e4t ist Gestalten: an eine Sache herangehen, experimentieren, sie ausprobieren, von allen Seiten (neu) betrachten und neu denken und somit eine gute Vorbereitung auf die Dinge des allt\u00e4glichen Lebens.<\/p>\n<\/div>\n<p><!-- {\"children\":[{\"type\":\"section\",\"props\":{\"style\":\"default\",\"width\":\"default\",\"vertical_align\":\"middle\",\"title_position\":\"top-left\",\"title_rotation\":\"left\",\"title_breakpoint\":\"xl\",\"image_position\":\"center-center\",\"padding\":\"xlarge\",\"image\":\"wp-content\\\/uploads\\\/DSC1995-scaled.jpeg\",\"css\":\"\\n\",\"image_size\":\"cover\",\"image_width\":\"1840\",\"height\":\"percent\",\"title\":\"\\u00dcber uns\",\"text_color\":\"light\"},\"children\":[{\"type\":\"row\",\"children\":[{\"type\":\"column\",\"props\":{\"image_position\":\"center-center\",\"media_overlay_gradient\":\"\",\"width_medium\":\"1-1\"},\"children\":[{\"type\":\"headline\",\"props\":{\"title_element\":\"h1\",\"content\":\"P\\u00e4dagogische<br \\\/>Ans\\u00e4tze\",\"title_style\":\"heading-medium\",\"text_align\":\"center\"}}]}]}],\"name\":\"Header \\u00dcber uns\"},{\"type\":\"section\",\"props\":{\"style\":\"default\",\"width\":\"default\",\"vertical_align\":\"middle\",\"title_position\":\"top-left\",\"title_rotation\":\"left\",\"title_breakpoint\":\"xl\",\"image_position\":\"center-center\"},\"children\":[{\"type\":\"row\",\"props\":{\"divider\":false,\"column_gap\":\"large\",\"row_gap\":\"large\"},\"children\":[{\"type\":\"column\",\"props\":{\"image_position\":\"center-center\",\"media_overlay_gradient\":\"\",\"width_medium\":\"\"},\"children\":[{\"type\":\"headline\",\"props\":{\"title_element\":\"h1\",\"title_style\":\"h4\",\"margin\":\"medium\",\"maxwidth\":\"xlarge\",\"block_align_breakpoint\":\"m\",\"block_align_fallback\":\"center\",\"text_align\":\"left\",\"text_align_breakpoint\":\"m\",\"text_align_fallback\":\"center\",\"content\":\"Unsere p\\u00e4dagogischen Schwerpunkte\",\"margin_remove_top\":true}},{\"type\":\"text\",\"props\":{\"margin\":\"remove-vertical\",\"column_breakpoint\":\"m\",\"maxwidth_breakpoint\":\"m\",\"block_align_breakpoint\":\"m\",\"block_align_fallback\":\"center\",\"text_align\":\"left\",\"content\":\"\n\n<p>Wir als Kindertagespflegepersonen sind sehr darauf bedacht, Ihre Kinder vorurteilsfrei zu erziehen. Kinder haben ein Recht darauf, neugierig zu sein, Fehler zu machen, zu experimentieren, Fragen zu stellen, w\\u00fctend, traurig, nachdenklich und fr\\u00f6hlich zu sein. Trotzdem ist es wichtig, im t\\u00e4glichen Leben Regeln und Normen zu lernen und zu beachten, die f\\u00fcr eine gesunde Entwicklung n\\u00f6tig sind. Kinder brauchen einen strukturierten Tagesablauf mit festen Ritualen, Regeln und Grenzen.<\\\/p>\\n\n\n<p>Uns ist es wichtig, den Kindern die M\\u00f6glichkeit zu er\\u00f6ffnen, sich zu einem eigenst\\u00e4ndigen Kind zu entwickeln, das immer selbstst\\u00e4ndiger und verantwortungsbewusster wird.<\\\/p>\\n\n\n<p>Die Piratenkinder sollen sich bei uns wohl und geborgen f\\u00fchlen.<\\\/p>\\n\n\n<p>Jedes Kind lernt in erster Linie durch das Spiel.<\\\/p>\\n\n\n<p>Ein besonderer Schwerpunkt unserer Arbeit ist die musikalische Fr\\u00fcherziehung.<\\\/p>\\n\n\n<p>In unserer Tagespflege gibt es im festen Tagesablauf verankert, einen morgendlichen Singkreis, den die Kinder sehr lieben. Wir musizieren gemeinsam mit den Kindern. Hierbei kommen zum Beispiel Klangspiele oder -geschichten zum Einsatz, Bewegungslieder werden gesungen, geklatscht oder wir tanzen einfach zur Musik.<\\\/p>\\n\n\n<p>Bevor Kinder \\u00fcberhaupt reden k\\u00f6nnen, singen sie meist schon und tanzen zu Musik auf ihre ganz eigene Art und Weise. Sie bewegen sich rhythmisch und geben ihre ersten eigenen kreativen Gesangsversuche zum Besten.<\\\/p>\\n\n\n<p>Die Kinder werden spielerisch in der Entwicklung der Sprache, der Konzentration und Wahrnehmung, der rhythmischen Bewegung, Motorik und der Kreativit\\u00e4t gef\\u00f6rdert. Ebenso wichtig ist die F\\u00f6rderung der sozialen Kompetenzen, die durch Zuh\\u00f6ren, Abwarten und \\u201egemeinsam etwas tun\\u201c entstehen.<\\\/p>\\n\n\n<p>Die Kreativit\\u00e4t ist ein weiterer Schwerpunkt unserer Tagespflege.<\\\/p>\\n\n\n<p>Bei \\u201eBastelarbeiten\\u201c mit verschiedenen Materialien wie z.B. Klorollen, Federn oder Bl\\u00e4ttern, werden nicht nur feinmotorische Kompetenzen entwickelt, sondern insbesondere auch die Sprachf\\u00f6rderung unterst\\u00fctzt, da sich beim kreativen Gestalten in der Gruppe immer Sprachanl\\u00e4sse ergeben. Kreativit\\u00e4t bedeutet nicht nur das Malen von Bildern oder Musizieren, Kreativit\\u00e4t zeigt sich im Denken, Handeln und Planen. Kreatives Gestalten ist eine wertvolle Besch\\u00e4ftigung von den Kindern in vielerlei Hinsicht profitieren. Verschiedene Dinge zu basteln macht nicht nur viel Spa\\u00df, sondern ist zudem eine sinnvolle und wertvolle Besch\\u00e4ftigungsm\\u00f6glichkeit f\\u00fcr Kinder.<\\\/p>\\n\n\n<p>Kreativit\\u00e4t ist Gestalten: an eine Sache herangehen, experimentieren, sie ausprobieren, von allen Seiten (neu) betrachten und neu denken und somit eine gute Vorbereitung auf die Dinge des allt\\u00e4glichen Lebens.<\\\/p>\",\"margin_remove_top\":true}}]}]}],\"name\":\"About\"}],\"version\":\"2.2.4\",\"type\":\"layout\"} --><\/p>\n","protected":false},"excerpt":{"rendered":"<p>P\u00e4dagogischeAns\u00e4tze Unsere p\u00e4dagogischen Schwerpunkte Wir als Kindertagespflegepersonen sind sehr darauf bedacht, Ihre Kinder vorurteilsfrei zu erziehen. Kinder haben ein Recht darauf, neugierig zu sein, Fehler zu machen, zu experimentieren, Fragen zu stellen, w\u00fctend, traurig, nachdenklich und fr\u00f6hlich zu sein. Trotzdem ist es wichtig, im t\u00e4glichen Leben Regeln und Normen zu lernen und zu beachten, die [&hellip;]<\/p>\n","protected":false},"author":1,"featured_media":0,"parent":0,"menu_order":0,"comment_status":"closed","ping_status":"closed","template":"","meta":{"footnotes":""},"yoast_head":"<!-- This site is optimized with the Yoast SEO plugin v22.6 - https:\/\/yoast.com\/wordpress\/plugins\/seo\/ -->\n<title>P\u00e4dagogische Ans\u00e4tze - Piratenbande Hennef - Grosstagespflege<\/title>\n<meta name=\"robots\" content=\"index, follow, max-snippet:-1, max-image-preview:large, max-video-preview:-1\" \/>\n<link rel=\"canonical\" href=\"https:\/\/piratenbande-hennef.de\/?page_id=400\" \/>\n<meta property=\"og:locale\" content=\"de_DE\" \/>\n<meta property=\"og:type\" content=\"article\" \/>\n<meta property=\"og:title\" content=\"P\u00e4dagogische Ans\u00e4tze - Piratenbande Hennef - Grosstagespflege\" \/>\n<meta property=\"og:description\" content=\"P\u00e4dagogischeAns\u00e4tze Unsere p\u00e4dagogischen Schwerpunkte Wir als Kindertagespflegepersonen sind sehr darauf bedacht, Ihre Kinder vorurteilsfrei zu erziehen. Kinder haben ein Recht darauf, neugierig zu sein, Fehler zu machen, zu experimentieren, Fragen zu stellen, w\u00fctend, traurig, nachdenklich und fr\u00f6hlich zu sein. Trotzdem ist es wichtig, im t\u00e4glichen Leben Regeln und Normen zu lernen und zu beachten, die [&hellip;]\" \/>\n<meta property=\"og:url\" content=\"https:\/\/piratenbande-hennef.de\/?page_id=400\" \/>\n<meta property=\"og:site_name\" content=\"Piratenbande Hennef - Grosstagespflege\" \/>\n<meta property=\"article:modified_time\" content=\"2020-09-02T16:51:34+00:00\" \/>\n<meta name=\"twitter:card\" content=\"summary_large_image\" \/>\n<meta name=\"twitter:label1\" content=\"Gesch\u00e4tzte Lesezeit\" \/>\n\t<meta name=\"twitter:data1\" content=\"2\u00a0Minuten\" \/>\n<script type=\"application\/ld+json\" class=\"yoast-schema-graph\">{\"@context\":\"https:\/\/schema.org\",\"@graph\":[{\"@type\":\"WebPage\",\"@id\":\"https:\/\/piratenbande-hennef.de\/?page_id=400\",\"url\":\"https:\/\/piratenbande-hennef.de\/?page_id=400\",\"name\":\"P\u00e4dagogische Ans\u00e4tze - Piratenbande Hennef - Grosstagespflege\",\"isPartOf\":{\"@id\":\"https:\/\/piratenbande-hennef.de\/#website\"},\"datePublished\":\"2020-07-20T10:38:46+00:00\",\"dateModified\":\"2020-09-02T16:51:34+00:00\",\"breadcrumb\":{\"@id\":\"https:\/\/piratenbande-hennef.de\/?page_id=400#breadcrumb\"},\"inLanguage\":\"de\",\"potentialAction\":[{\"@type\":\"ReadAction\",\"target\":[\"https:\/\/piratenbande-hennef.de\/?page_id=400\"]}]},{\"@type\":\"BreadcrumbList\",\"@id\":\"https:\/\/piratenbande-hennef.de\/?page_id=400#breadcrumb\",\"itemListElement\":[{\"@type\":\"ListItem\",\"position\":1,\"name\":\"Startseite\",\"item\":\"https:\/\/piratenbande-hennef.de\/\"},{\"@type\":\"ListItem\",\"position\":2,\"name\":\"P\u00e4dagogische Ans\u00e4tze\"}]},{\"@type\":\"WebSite\",\"@id\":\"https:\/\/piratenbande-hennef.de\/#website\",\"url\":\"https:\/\/piratenbande-hennef.de\/\",\"name\":\"Piratenbande Hennef - Grosstagespflege\",\"description\":\"Grosstagespflege Piratenbande Hennef\",\"publisher\":{\"@id\":\"https:\/\/piratenbande-hennef.de\/#organization\"},\"potentialAction\":[{\"@type\":\"SearchAction\",\"target\":{\"@type\":\"EntryPoint\",\"urlTemplate\":\"https:\/\/piratenbande-hennef.de\/?s={search_term_string}\"},\"query-input\":\"required name=search_term_string\"}],\"inLanguage\":\"de\"},{\"@type\":\"Organization\",\"@id\":\"https:\/\/piratenbande-hennef.de\/#organization\",\"name\":\"Grosstagespflege Piratenbande Hennef\",\"url\":\"https:\/\/piratenbande-hennef.de\/\",\"logo\":{\"@type\":\"ImageObject\",\"inLanguage\":\"de\",\"@id\":\"https:\/\/piratenbande-hennef.de\/#\/schema\/logo\/image\/\",\"url\":\"https:\/\/piratenbande-hennef.de\/wp-content\/uploads\/logo-01.png\",\"contentUrl\":\"https:\/\/piratenbande-hennef.de\/wp-content\/uploads\/logo-01.png\",\"width\":550,\"height\":463,\"caption\":\"Grosstagespflege Piratenbande Hennef\"},\"image\":{\"@id\":\"https:\/\/piratenbande-hennef.de\/#\/schema\/logo\/image\/\"}}]}<\/script>\n<!-- \/ Yoast SEO plugin. -->","yoast_head_json":{"title":"P\u00e4dagogische Ans\u00e4tze - Piratenbande Hennef - Grosstagespflege","robots":{"index":"index","follow":"follow","max-snippet":"max-snippet:-1","max-image-preview":"max-image-preview:large","max-video-preview":"max-video-preview:-1"},"canonical":"https:\/\/piratenbande-hennef.de\/?page_id=400","og_locale":"de_DE","og_type":"article","og_title":"P\u00e4dagogische Ans\u00e4tze - Piratenbande Hennef - Grosstagespflege","og_description":"P\u00e4dagogischeAns\u00e4tze Unsere p\u00e4dagogischen Schwerpunkte Wir als Kindertagespflegepersonen sind sehr darauf bedacht, Ihre Kinder vorurteilsfrei zu erziehen. Kinder haben ein Recht darauf, neugierig zu sein, Fehler zu machen, zu experimentieren, Fragen zu stellen, w\u00fctend, traurig, nachdenklich und fr\u00f6hlich zu sein. Trotzdem ist es wichtig, im t\u00e4glichen Leben Regeln und Normen zu lernen und zu beachten, die [&hellip;]","og_url":"https:\/\/piratenbande-hennef.de\/?page_id=400","og_site_name":"Piratenbande Hennef - Grosstagespflege","article_modified_time":"2020-09-02T16:51:34+00:00","twitter_card":"summary_large_image","twitter_misc":{"Gesch\u00e4tzte Lesezeit":"2\u00a0Minuten"},"schema":{"@context":"https:\/\/schema.org","@graph":[{"@type":"WebPage","@id":"https:\/\/piratenbande-hennef.de\/?page_id=400","url":"https:\/\/piratenbande-hennef.de\/?page_id=400","name":"P\u00e4dagogische Ans\u00e4tze - Piratenbande Hennef - Grosstagespflege","isPartOf":{"@id":"https:\/\/piratenbande-hennef.de\/#website"},"datePublished":"2020-07-20T10:38:46+00:00","dateModified":"2020-09-02T16:51:34+00:00","breadcrumb":{"@id":"https:\/\/piratenbande-hennef.de\/?page_id=400#breadcrumb"},"inLanguage":"de","potentialAction":[{"@type":"ReadAction","target":["https:\/\/piratenbande-hennef.de\/?page_id=400"]}]},{"@type":"BreadcrumbList","@id":"https:\/\/piratenbande-hennef.de\/?page_id=400#breadcrumb","itemListElement":[{"@type":"ListItem","position":1,"name":"Startseite","item":"https:\/\/piratenbande-hennef.de\/"},{"@type":"ListItem","position":2,"name":"P\u00e4dagogische Ans\u00e4tze"}]},{"@type":"WebSite","@id":"https:\/\/piratenbande-hennef.de\/#website","url":"https:\/\/piratenbande-hennef.de\/","name":"Piratenbande Hennef - Grosstagespflege","description":"Grosstagespflege Piratenbande Hennef","publisher":{"@id":"https:\/\/piratenbande-hennef.de\/#organization"},"potentialAction":[{"@type":"SearchAction","target":{"@type":"EntryPoint","urlTemplate":"https:\/\/piratenbande-hennef.de\/?s={search_term_string}"},"query-input":"required name=search_term_string"}],"inLanguage":"de"},{"@type":"Organization","@id":"https:\/\/piratenbande-hennef.de\/#organization","name":"Grosstagespflege Piratenbande Hennef","url":"https:\/\/piratenbande-hennef.de\/","logo":{"@type":"ImageObject","inLanguage":"de","@id":"https:\/\/piratenbande-hennef.de\/#\/schema\/logo\/image\/","url":"https:\/\/piratenbande-hennef.de\/wp-content\/uploads\/logo-01.png","contentUrl":"https:\/\/piratenbande-hennef.de\/wp-content\/uploads\/logo-01.png","width":550,"height":463,"caption":"Grosstagespflege Piratenbande Hennef"},"image":{"@id":"https:\/\/piratenbande-hennef.de\/#\/schema\/logo\/image\/"}}]}},"_links":{"self":[{"href":"https:\/\/piratenbande-hennef.de\/index.php?rest_route=\/wp\/v2\/pages\/400"}],"collection":[{"href":"https:\/\/piratenbande-hennef.de\/index.php?rest_route=\/wp\/v2\/pages"}],"about":[{"href":"https:\/\/piratenbande-hennef.de\/index.php?rest_route=\/wp\/v2\/types\/page"}],"author":[{"embeddable":true,"href":"https:\/\/piratenbande-hennef.de\/index.php?rest_route=\/wp\/v2\/users\/1"}],"replies":[{"embeddable":true,"href":"https:\/\/piratenbande-hennef.de\/index.php?rest_route=%2Fwp%2Fv2%2Fcomments&post=400"}],"version-history":[{"count":5,"href":"https:\/\/piratenbande-hennef.de\/index.php?rest_route=\/wp\/v2\/pages\/400\/revisions"}],"predecessor-version":[{"id":586,"href":"https:\/\/piratenbande-hennef.de\/index.php?rest_route=\/wp\/v2\/pages\/400\/revisions\/586"}],"wp:attachment":[{"href":"https:\/\/piratenbande-hennef.de\/index.php?rest_route=%2Fwp%2Fv2%2Fmedia&parent=400"}],"curies":[{"name":"wp","href":"https:\/\/api.w.org\/{rel}","templated":true}]}}