{"id":399,"date":"2020-07-20T10:38:46","date_gmt":"2020-07-20T10:38:46","guid":{"rendered":"https:\/\/piratenbande-hennef.de\/?page_id=399"},"modified":"2020-07-20T13:43:45","modified_gmt":"2020-07-20T13:43:45","slug":"lage","status":"publish","type":"page","link":"https:\/\/piratenbande-hennef.de\/?page_id=399","title":{"rendered":"Lage"},"content":{"rendered":"<h1>Die Lage<\/h1>\n<div>\n<p>Die Gro\u00dftagespflege befindet sich in angemieteten R\u00e4umen (90 qm) in einem 2-Parteienhaus im 1. Obergeschoss auf der Bonner Stra\u00dfe 81a, in 53773 Hennef \u2013 Geistingen.<\/p>\n<p>Es gibt Parkpl\u00e4tze direkt auf dem Hinterhof des Hauses. So k\u00f6nnen Sie bequem parken und in Ruhe Ihr Kind bringen und abholen.<\/p>\n<p>Mit unseren zwei tollen Kinderbussen (4-Sitzer und 6-Sitzer) wird jede Ausfahrt zum Erlebnis, und auch die Piratenkinder haben richtig viel Spa\u00df. In 5-15 Minuten Gehweg hat man die Gesch\u00e4fte wie beispielsweise einen B\u00e4cker, Metzger, Rewe oder den Wochenmarkt erreicht, in denen wir z.B. f\u00fcr das Mittagessen und die Zwischenmahlzeiten einkaufen.<\/p>\n<p>Der nahegelegene Kurpark l\u00e4dt unsere Piratenkinder zum Enten beobachten, Spielen auf dem Spielplatz oder Wettrennen auf der gro\u00dfen Gr\u00fcnfl\u00e4che ein.<\/p>\n<p>Hinter unserem Haus befindet sich unser eigener privater Spielbereich, auf dem wir Bobbycar und Laufrad fahren k\u00f6nnen.<\/p>\n<\/div>\n<div>\n<h3>Piratenbande<\/h3>\n<p>50.7728,7.2707<\/p>\n<\/div>\n<p><!-- {\"children\":[{\"type\":\"section\",\"props\":{\"style\":\"default\",\"width\":\"default\",\"vertical_align\":\"middle\",\"title_position\":\"top-left\",\"title_rotation\":\"left\",\"title_breakpoint\":\"xl\",\"image_position\":\"center-center\",\"padding\":\"xlarge\",\"image\":\"wp-content\\\/uploads\\\/DSC2005-scaled.jpeg\",\"css\":\"\\n\",\"image_size\":\"cover\",\"image_width\":\"1840\",\"height\":\"percent\",\"title\":\"\\u00dcber uns\",\"text_color\":\"light\"},\"children\":[{\"type\":\"row\",\"children\":[{\"type\":\"column\",\"props\":{\"image_position\":\"center-center\",\"media_overlay_gradient\":\"\",\"width_medium\":\"1-1\"},\"children\":[{\"type\":\"headline\",\"props\":{\"title_element\":\"h1\",\"content\":\"Die Lage\",\"title_style\":\"heading-medium\",\"text_align\":\"center\"}}]}]}],\"name\":\"Header \\u00dcber uns\"},{\"type\":\"section\",\"props\":{\"style\":\"default\",\"width\":\"default\",\"vertical_align\":\"middle\",\"title_position\":\"top-left\",\"title_rotation\":\"left\",\"title_breakpoint\":\"xl\",\"image_position\":\"center-center\"},\"children\":[{\"type\":\"row\",\"children\":[{\"type\":\"column\",\"props\":{\"image_position\":\"center-center\",\"media_overlay_gradient\":\"\"},\"children\":[{\"type\":\"text\",\"props\":{\"margin\":\"default\",\"column_breakpoint\":\"m\",\"content\":\"\n\n<p>Die Gro\\u00dftagespflege befindet sich in angemieteten R\\u00e4umen (90 qm) in einem 2-Parteienhaus im 1. Obergeschoss auf der Bonner Stra\\u00dfe 81a, in 53773 Hennef \\u2013 Geistingen.<\\\/p>\\n\n\n<p>Es gibt Parkpl\\u00e4tze direkt auf dem Hinterhof des Hauses. So k\\u00f6nnen Sie bequem parken und in Ruhe Ihr Kind bringen und abholen.<\\\/p>\\n\n\n<p>Mit unseren zwei tollen Kinderbussen (4-Sitzer und 6-Sitzer) wird jede Ausfahrt zum Erlebnis, und auch die Piratenkinder haben richtig viel Spa\\u00df. In 5-15 Minuten Gehweg hat man die Gesch\\u00e4fte wie beispielsweise einen B\\u00e4cker, Metzger, Rewe oder den Wochenmarkt erreicht, in denen wir z.B. f\\u00fcr das Mittagessen und die Zwischenmahlzeiten einkaufen.<\\\/p>\\n\n\n<p>Der nahegelegene Kurpark l\\u00e4dt unsere Piratenkinder zum Enten beobachten, Spielen auf dem Spielplatz oder Wettrennen auf der gro\\u00dfen Gr\\u00fcnfl\\u00e4che ein.<\\\/p>\\n\n\n<p>Hinter unserem Haus befindet sich unser eigener privater Spielbereich, auf dem wir Bobbycar und Laufrad fahren k\\u00f6nnen.<\\\/p>\"}}]}]}]},{\"type\":\"section\",\"props\":{\"style\":\"default\",\"width\":\"\",\"vertical_align\":\"middle\",\"title_position\":\"top-left\",\"title_rotation\":\"left\",\"title_breakpoint\":\"xl\",\"image_position\":\"center-center\"},\"children\":[{\"type\":\"row\",\"children\":[{\"type\":\"column\",\"props\":{\"image_position\":\"center-center\",\"media_overlay_gradient\":\"\"},\"children\":[{\"type\":\"map\",\"props\":{\"show_title\":true,\"type\":\"roadmap\",\"zoom\":14,\"controls\":true,\"zooming\":false,\"dragging\":false,\"height\":\"500\"},\"children\":[{\"type\":\"map_marker\",\"props\":{\"title\":\"Piratenbande\",\"location\":\"50.7728,7.2707\"}}]}]}]}],\"name\":\"Landkarte\"}],\"version\":\"2.1.2\",\"type\":\"layout\"} --><\/p>\n","protected":false},"excerpt":{"rendered":"<p>Die Lage Die Gro\u00dftagespflege befindet sich in angemieteten R\u00e4umen (90 qm) in einem 2-Parteienhaus im 1. Obergeschoss auf der Bonner Stra\u00dfe 81a, in 53773 Hennef \u2013 Geistingen. Es gibt Parkpl\u00e4tze direkt auf dem Hinterhof des Hauses. So k\u00f6nnen Sie bequem parken und in Ruhe Ihr Kind bringen und abholen. Mit unseren zwei tollen Kinderbussen (4-Sitzer [&hellip;]<\/p>\n","protected":false},"author":1,"featured_media":0,"parent":0,"menu_order":0,"comment_status":"closed","ping_status":"closed","template":"","meta":{"footnotes":""},"yoast_head":"<!-- This site is optimized with the Yoast SEO plugin v22.6 - https:\/\/yoast.com\/wordpress\/plugins\/seo\/ -->\n<title>Lage - Piratenbande Hennef - Grosstagespflege<\/title>\n<meta name=\"robots\" content=\"index, follow, max-snippet:-1, max-image-preview:large, max-video-preview:-1\" \/>\n<link rel=\"canonical\" href=\"https:\/\/piratenbande-hennef.de\/?page_id=399\" \/>\n<meta property=\"og:locale\" content=\"de_DE\" \/>\n<meta property=\"og:type\" content=\"article\" \/>\n<meta property=\"og:title\" content=\"Lage - Piratenbande Hennef - Grosstagespflege\" \/>\n<meta property=\"og:description\" content=\"Die Lage Die Gro\u00dftagespflege befindet sich in angemieteten R\u00e4umen (90 qm) in einem 2-Parteienhaus im 1. Obergeschoss auf der Bonner Stra\u00dfe 81a, in 53773 Hennef \u2013 Geistingen. Es gibt Parkpl\u00e4tze direkt auf dem Hinterhof des Hauses. So k\u00f6nnen Sie bequem parken und in Ruhe Ihr Kind bringen und abholen. Mit unseren zwei tollen Kinderbussen (4-Sitzer [&hellip;]\" \/>\n<meta property=\"og:url\" content=\"https:\/\/piratenbande-hennef.de\/?page_id=399\" \/>\n<meta property=\"og:site_name\" content=\"Piratenbande Hennef - Grosstagespflege\" \/>\n<meta property=\"article:modified_time\" content=\"2020-07-20T13:43:45+00:00\" \/>\n<meta name=\"twitter:card\" content=\"summary_large_image\" \/>\n<meta name=\"twitter:label1\" content=\"Gesch\u00e4tzte Lesezeit\" \/>\n\t<meta name=\"twitter:data1\" content=\"1\u00a0Minute\" \/>\n<script type=\"application\/ld+json\" class=\"yoast-schema-graph\">{\"@context\":\"https:\/\/schema.org\",\"@graph\":[{\"@type\":\"WebPage\",\"@id\":\"https:\/\/piratenbande-hennef.de\/?page_id=399\",\"url\":\"https:\/\/piratenbande-hennef.de\/?page_id=399\",\"name\":\"Lage - Piratenbande Hennef - Grosstagespflege\",\"isPartOf\":{\"@id\":\"https:\/\/piratenbande-hennef.de\/#website\"},\"datePublished\":\"2020-07-20T10:38:46+00:00\",\"dateModified\":\"2020-07-20T13:43:45+00:00\",\"breadcrumb\":{\"@id\":\"https:\/\/piratenbande-hennef.de\/?page_id=399#breadcrumb\"},\"inLanguage\":\"de\",\"potentialAction\":[{\"@type\":\"ReadAction\",\"target\":[\"https:\/\/piratenbande-hennef.de\/?page_id=399\"]}]},{\"@type\":\"BreadcrumbList\",\"@id\":\"https:\/\/piratenbande-hennef.de\/?page_id=399#breadcrumb\",\"itemListElement\":[{\"@type\":\"ListItem\",\"position\":1,\"name\":\"Startseite\",\"item\":\"https:\/\/piratenbande-hennef.de\/\"},{\"@type\":\"ListItem\",\"position\":2,\"name\":\"Lage\"}]},{\"@type\":\"WebSite\",\"@id\":\"https:\/\/piratenbande-hennef.de\/#website\",\"url\":\"https:\/\/piratenbande-hennef.de\/\",\"name\":\"Piratenbande Hennef - Grosstagespflege\",\"description\":\"Grosstagespflege Piratenbande Hennef\",\"publisher\":{\"@id\":\"https:\/\/piratenbande-hennef.de\/#organization\"},\"potentialAction\":[{\"@type\":\"SearchAction\",\"target\":{\"@type\":\"EntryPoint\",\"urlTemplate\":\"https:\/\/piratenbande-hennef.de\/?s={search_term_string}\"},\"query-input\":\"required name=search_term_string\"}],\"inLanguage\":\"de\"},{\"@type\":\"Organization\",\"@id\":\"https:\/\/piratenbande-hennef.de\/#organization\",\"name\":\"Grosstagespflege Piratenbande Hennef\",\"url\":\"https:\/\/piratenbande-hennef.de\/\",\"logo\":{\"@type\":\"ImageObject\",\"inLanguage\":\"de\",\"@id\":\"https:\/\/piratenbande-hennef.de\/#\/schema\/logo\/image\/\",\"url\":\"https:\/\/piratenbande-hennef.de\/wp-content\/uploads\/logo-01.png\",\"contentUrl\":\"https:\/\/piratenbande-hennef.de\/wp-content\/uploads\/logo-01.png\",\"width\":550,\"height\":463,\"caption\":\"Grosstagespflege Piratenbande Hennef\"},\"image\":{\"@id\":\"https:\/\/piratenbande-hennef.de\/#\/schema\/logo\/image\/\"}}]}<\/script>\n<!-- \/ Yoast SEO plugin. -->","yoast_head_json":{"title":"Lage - Piratenbande Hennef - Grosstagespflege","robots":{"index":"index","follow":"follow","max-snippet":"max-snippet:-1","max-image-preview":"max-image-preview:large","max-video-preview":"max-video-preview:-1"},"canonical":"https:\/\/piratenbande-hennef.de\/?page_id=399","og_locale":"de_DE","og_type":"article","og_title":"Lage - Piratenbande Hennef - Grosstagespflege","og_description":"Die Lage Die Gro\u00dftagespflege befindet sich in angemieteten R\u00e4umen (90 qm) in einem 2-Parteienhaus im 1. Obergeschoss auf der Bonner Stra\u00dfe 81a, in 53773 Hennef \u2013 Geistingen. Es gibt Parkpl\u00e4tze direkt auf dem Hinterhof des Hauses. So k\u00f6nnen Sie bequem parken und in Ruhe Ihr Kind bringen und abholen. Mit unseren zwei tollen Kinderbussen (4-Sitzer [&hellip;]","og_url":"https:\/\/piratenbande-hennef.de\/?page_id=399","og_site_name":"Piratenbande Hennef - Grosstagespflege","article_modified_time":"2020-07-20T13:43:45+00:00","twitter_card":"summary_large_image","twitter_misc":{"Gesch\u00e4tzte Lesezeit":"1\u00a0Minute"},"schema":{"@context":"https:\/\/schema.org","@graph":[{"@type":"WebPage","@id":"https:\/\/piratenbande-hennef.de\/?page_id=399","url":"https:\/\/piratenbande-hennef.de\/?page_id=399","name":"Lage - Piratenbande Hennef - Grosstagespflege","isPartOf":{"@id":"https:\/\/piratenbande-hennef.de\/#website"},"datePublished":"2020-07-20T10:38:46+00:00","dateModified":"2020-07-20T13:43:45+00:00","breadcrumb":{"@id":"https:\/\/piratenbande-hennef.de\/?page_id=399#breadcrumb"},"inLanguage":"de","potentialAction":[{"@type":"ReadAction","target":["https:\/\/piratenbande-hennef.de\/?page_id=399"]}]},{"@type":"BreadcrumbList","@id":"https:\/\/piratenbande-hennef.de\/?page_id=399#breadcrumb","itemListElement":[{"@type":"ListItem","position":1,"name":"Startseite","item":"https:\/\/piratenbande-hennef.de\/"},{"@type":"ListItem","position":2,"name":"Lage"}]},{"@type":"WebSite","@id":"https:\/\/piratenbande-hennef.de\/#website","url":"https:\/\/piratenbande-hennef.de\/","name":"Piratenbande Hennef - Grosstagespflege","description":"Grosstagespflege Piratenbande Hennef","publisher":{"@id":"https:\/\/piratenbande-hennef.de\/#organization"},"potentialAction":[{"@type":"SearchAction","target":{"@type":"EntryPoint","urlTemplate":"https:\/\/piratenbande-hennef.de\/?s={search_term_string}"},"query-input":"required name=search_term_string"}],"inLanguage":"de"},{"@type":"Organization","@id":"https:\/\/piratenbande-hennef.de\/#organization","name":"Grosstagespflege Piratenbande Hennef","url":"https:\/\/piratenbande-hennef.de\/","logo":{"@type":"ImageObject","inLanguage":"de","@id":"https:\/\/piratenbande-hennef.de\/#\/schema\/logo\/image\/","url":"https:\/\/piratenbande-hennef.de\/wp-content\/uploads\/logo-01.png","contentUrl":"https:\/\/piratenbande-hennef.de\/wp-content\/uploads\/logo-01.png","width":550,"height":463,"caption":"Grosstagespflege Piratenbande Hennef"},"image":{"@id":"https:\/\/piratenbande-hennef.de\/#\/schema\/logo\/image\/"}}]}},"_links":{"self":[{"href":"https:\/\/piratenbande-hennef.de\/index.php?rest_route=\/wp\/v2\/pages\/399"}],"collection":[{"href":"https:\/\/piratenbande-hennef.de\/index.php?rest_route=\/wp\/v2\/pages"}],"about":[{"href":"https:\/\/piratenbande-hennef.de\/index.php?rest_route=\/wp\/v2\/types\/page"}],"author":[{"embeddable":true,"href":"https:\/\/piratenbande-hennef.de\/index.php?rest_route=\/wp\/v2\/users\/1"}],"replies":[{"embeddable":true,"href":"https:\/\/piratenbande-hennef.de\/index.php?rest_route=%2Fwp%2Fv2%2Fcomments&post=399"}],"version-history":[{"count":5,"href":"https:\/\/piratenbande-hennef.de\/index.php?rest_route=\/wp\/v2\/pages\/399\/revisions"}],"predecessor-version":[{"id":552,"href":"https:\/\/piratenbande-hennef.de\/index.php?rest_route=\/wp\/v2\/pages\/399\/revisions\/552"}],"wp:attachment":[{"href":"https:\/\/piratenbande-hennef.de\/index.php?rest_route=%2Fwp%2Fv2%2Fmedia&parent=399"}],"curies":[{"name":"wp","href":"https:\/\/api.w.org\/{rel}","templated":true}]}}