{"id":396,"date":"2020-07-20T10:38:46","date_gmt":"2020-07-20T10:38:46","guid":{"rendered":"https:\/\/piratenbande-hennef.de\/?page_id=396"},"modified":"2020-09-16T16:51:40","modified_gmt":"2020-09-16T16:51:40","slug":"ueber-uns","status":"publish","type":"page","link":"https:\/\/piratenbande-hennef.de\/?page_id=396","title":{"rendered":"\u00dcber uns"},"content":{"rendered":"<h1>\u00dcber uns<\/h1>\n<div>Wir stellen uns vor<\/div>\n<div>\n<p>        <img decoding=\"async\" src=\"\/wp-content\/uploads\/IMG-20200720-WA0000.jpg\" alt=\"\"><\/p>\n<h3>Alexia Raderschad<\/h3>\n<div>\n<div class=\"uk-panel uk-margin-xlarge uk-margin-remove-top uk-width-2xlarge@m uk-margin-auto-right@m uk-margin-remove-left@m uk-margin-auto uk-text-left\" data-id=\"page#2-0-0-2\">\n<p>Mein Name ist Alexia Raderschad. Ich wurde am 02. Juli 1981 geboren. Ich bin mit meinem Ehemann Eric Raderschad verheiratet und stolze Mutter zweier S\u00f6hne.<br \/>Paul wurde am 30. Oktober 2012 und Anton am 04. November 2015 geboren.<br \/>Zus\u00e4tzlich geh\u00f6rt noch unser Hund Kalle zu unserer Familie.<\/p>\n<p>Ich bin gelernte Arzthelferin und \u00fcbte diesen Beruf \u00fcber 14 Jahre aus.<\/p>\n<p>W\u00e4hrend meiner Elternzeit merkte ich, wie sehr mir der Umgang mit kleinen Kindern am Herzen liegt und wie viel Freude mir dies bereitet. Daher entschied ich mich, den Schritt in die Selbstst\u00e4ndigkeit als Kindertagespflegeperson zu gehen.<br \/>Im Sommer 2015 habe ich den Qualifizierungskurs abgeschlossen und somit die Bundeslizenz zur Tagespflegeperson erworben.<br \/>5 Jahre betreute ich die Tageskinder in unserem sch\u00f6nen Eigenheim in Hennef-Geistingen. Im Sommer 2020 er\u00f6ffnete ich dann zusammen mit Nadja Schichel die Gro\u00dftagespflege Piratenbande.<\/p>\n<p>Ich werde Ihrem Kind viel Zeit, Zuwendung und Geduld widmen, um so eine individuelle, sowie altersgerechte F\u00f6rderung m\u00f6glich zu machen, damit sich Ihr Kind frei und gesund entwickeln kann.<\/p>\n<p>Besonders wichtig ist mir der liebevolle und freundliche Umgang miteinander, so dass Ihr Kind bei uns Spa\u00df hat und sich wohl f\u00fchlt und Sie als Eltern ein gutes Gef\u00fchl haben.<\/p>\n<\/div>\n<\/div>\n<\/div>\n<div>Wir stellen uns vor<\/div>\n<h1>Nadja Schichel<\/h1>\n<div>\n<p>Mein Name ist Nadja Schichel. Ich bin am 02. Juni 1981 in Troisdorf geboren.<\/p>\n<p>Ich bin Mutter von 2 S\u00f6hnen, Kilian geboren am 09. April 2010 und Leonard geboren am 26. April 2017. Verheiratet bin ich mit meinem Mann Gerd Schichel seit dem 10. November 2012.<\/p>\n<p>Nach Beendigung meiner Schullaufbahn habe ich eine Ausbildung zur Kinderpflegerin in Troisdorf absolviert, welche ich im Mai 2000 zur staatlich gepr\u00fcften Kinderpflegerin abgeschlossen habe.<\/p>\n<p>Ab 01.06.2000 war ich bis zur Geburt von meinem ersten Sohn im Jahre 2010 Vollzeit in einem katholischen Kindergarten besch\u00e4ftigt. Dort konnte ich einige Fortbildungen, Qualifikationen und Weiterbildungen besuchen.<\/p>\n<\/div>\n<p><img decoding=\"async\" src=\"\/wp-content\/uploads\/DSC2051-scaled.jpeg\" alt=\"\"><\/p>\n<div>\n<ul>\n<li>Psychomotorik in der Kindergartenpraxis<\/li>\n<li>Kinderzeichnungen \u2013 verstehen was Kinder malen<\/li>\n<li>Experimentieren mit Kindern im Kindergarten &#8211; und Schulalter<\/li>\n<li>Informationsveranstaltung \u00fcber Kids und Teens mit Diabetes<\/li>\n<li>Erarbeitung einer p\u00e4dagogischen Konzeption<\/li>\n<li>GaBi \u2013 Ganzheitliche Bildungsdokumentations &#8211; Software f\u00fcr Kitaeinrichtungen<\/li>\n<li>Brandschutz<\/li>\n<li>Erste Hilfe am Kind<\/li>\n<\/ul>\n<p>Nach 2 Jahren Elternzeit bin ich in das Kindergartenleben zur\u00fcckgekehrt. Dort betreute ich 25 Kinder von 3 Jahren bis Schuleintritt.<\/p>\n<p>Im April 2017 erblickte mein zweiter Sohn Leonard das Licht der Welt. W\u00e4hrend der Elternzeit konnte ich schon einige sehr sch\u00f6ne Einblicke in die Tagespflege von Alexia Raderschad gewinnen. Bei Spazierg\u00e4ngen, Bastelangeboten oder Spielplatzbesuchen wurde meine Entscheidung best\u00e4rkt Kinder unter 3 Jahren bei ihrer Entwicklung zu begleiten. Ich m\u00f6chte eine familiennahe Tagesmutter f\u00fcr das Tageskind sein, ihm zuh\u00f6ren und es tr\u00f6sten, mit ihm spielen und lachen, das sind f\u00fcr mich Grundvoraussetzungen in der Betreuung von Kindern.<\/p>\n<p>Somit habe ich mich im September 2019 an einem Qualifizierungskurs zur\u00a0<\/p>\n<p>Tagespflege bei dem Familienbildungwerk des Deutschen Roten Kreuzes angemeldet.<\/p>\n<p>Im Juni 2020 werde ich nach abgeschlossener Pr\u00fcfung das Zertifikat zur qualifizierten Tagespflegeperson erhalten.<\/p>\n<p>Ich freue mich darauf jedes Kind als eigene Pers\u00f6nlichkeit mit eigenen W\u00fcnschen und eigenen Meinungen wahrzunehmen und bei individuellen Lernfortschritte zu begleiten.<\/p>\n<\/div>\n<p><img decoding=\"async\" src=\"\/wp-content\/uploads\/illustration-sun.svg\" alt=\"\"><\/p>\n<h1>Kalle &#8211; treuer Familienhund<br \/>der Familie Raderschad<\/h1>\n<div>\n<p>Ich bin Kalle und wurde im Oktober 2017 geboren. Ich besuche ab und zu die Gro\u00dftagespflege und am liebsten gehe ich mit zu den langen Spazierg\u00e4ngen und Ausfl\u00fcgen.<\/p>\n<p>Seit meiner Geburt bin ich bei der Kindertagespflege dabei, sodass ich bei dem ganzen Trubel um mich herum stets gelassen bleibe.<\/p>\n<p>Selbstverst\u00e4ndlich werde ich regelm\u00e4\u00dfig geimpft, entwurmt und bekomme etwas zur Vorbeugung gegen Fl\u00f6he und Zecken.<\/p>\n<\/div>\n<p><img decoding=\"async\" src=\"\/wp-content\/uploads\/kalle-02.jpg\" alt=\"\"><\/p>\n<h2>\n<p>Sie haben Fragen <br \/>oder Anregungen?<br \/>Sprechen Sie uns gerne an!<\/p>\n<\/h2>\n<p>\n    <a href=\"mailto:info@piratenbande-hennef.de\">E-Mail<\/a>\n<\/p>\n<p><!-- {\"children\":[{\"type\":\"section\",\"props\":{\"style\":\"default\",\"width\":\"default\",\"vertical_align\":\"middle\",\"title_position\":\"top-left\",\"title_rotation\":\"left\",\"title_breakpoint\":\"xl\",\"image_position\":\"center-center\",\"padding\":\"xlarge\",\"image\":\"wp-content\\\/uploads\\\/DSC1992-scaled.jpeg\",\"css\":\"\\n\",\"image_size\":\"cover\",\"image_width\":\"1840\",\"height\":\"percent\",\"title\":\"\\u00dcber uns\",\"text_color\":\"light\"},\"children\":[{\"type\":\"row\",\"children\":[{\"type\":\"column\",\"props\":{\"image_position\":\"center-center\",\"media_overlay_gradient\":\"\",\"width_medium\":\"1-1\"},\"children\":[{\"type\":\"headline\",\"props\":{\"title_element\":\"h1\",\"content\":\"\\u00dcber uns\",\"title_style\":\"heading-medium\",\"text_align\":\"center\"}}]}]}],\"name\":\"Hero\"},{\"type\":\"section\",\"props\":{\"style\":\"default\",\"width\":\"default\",\"vertical_align\":\"middle\",\"title_position\":\"top-left\",\"title_rotation\":\"left\",\"title_breakpoint\":\"xl\",\"image_position\":\"center-center\",\"padding_remove_bottom\":false},\"children\":[{\"type\":\"row\",\"children\":[{\"type\":\"column\",\"props\":{\"image_position\":\"center-center\",\"media_overlay_gradient\":\"\"},\"children\":[{\"type\":\"headline\",\"props\":{\"title_element\":\"div\",\"title_style\":\"h6\",\"title_color\":\"muted\",\"margin\":\"small\",\"text_align\":\"left\",\"text_align_breakpoint\":\"m\",\"text_align_fallback\":\"center\",\"content\":\"Wir stellen uns vor\"}},{\"type\":\"panel\",\"props\":{\"link_text\":\"Read more\",\"title_hover_style\":\"reset\",\"title_element\":\"h3\",\"title_align\":\"top\",\"title_grid_width\":\"1-2\",\"title_grid_breakpoint\":\"m\",\"meta_style\":\"meta\",\"meta_align\":\"below-title\",\"meta_element\":\"div\",\"content_column_breakpoint\":\"m\",\"icon_width\":80,\"image_align\":\"right\",\"image_grid_width\":\"1-3\",\"image_grid_breakpoint\":\"m\",\"image_svg_color\":\"emphasis\",\"link_style\":\"default\",\"margin\":\"default\",\"title\":\"Alexia Raderschad\",\"content\":\"\n\n<div class=\\\"uk-panel uk-margin-xlarge uk-margin-remove-top uk-width-2xlarge@m uk-margin-auto-right@m uk-margin-remove-left@m uk-margin-auto uk-text-left\\\" data-id=\\\"page#2-0-0-2\\\">\\n\n\n<p>Mein Name ist Alexia Raderschad. Ich wurde am 02. Juli 1981 geboren. Ich bin mit meinem Ehemann Eric Raderschad verheiratet und stolze Mutter zweier S\\u00f6hne.<br \\\/>Paul wurde am 30. Oktober 2012 und Anton am 04. November 2015 geboren.<br \\\/>Zus\\u00e4tzlich geh\\u00f6rt noch unser Hund Kalle zu unserer Familie.<\\\/p>\\n\n\n<p>Ich bin gelernte Arzthelferin und \\u00fcbte diesen Beruf \\u00fcber 14 Jahre aus.<\\\/p>\\n\n\n<p>W\\u00e4hrend meiner Elternzeit merkte ich, wie sehr mir der Umgang mit kleinen Kindern am Herzen liegt und wie viel Freude mir dies bereitet. Daher entschied ich mich, den Schritt in die Selbstst\\u00e4ndigkeit als Kindertagespflegeperson zu gehen.<br \\\/>Im Sommer 2015 habe ich den Qualifizierungskurs abgeschlossen und somit die Bundeslizenz zur Tagespflegeperson erworben.<br \\\/>5 Jahre betreute ich die Tageskinder in unserem sch\\u00f6nen Eigenheim in Hennef-Geistingen. Im Sommer 2020 er\\u00f6ffnete ich dann zusammen mit Nadja Schichel die Gro\\u00dftagespflege Piratenbande.<\\\/p>\\n\n\n<p>Ich werde Ihrem Kind viel Zeit, Zuwendung und Geduld widmen, um so eine individuelle, sowie altersgerechte F\\u00f6rderung m\\u00f6glich zu machen, damit sich Ihr Kind frei und gesund entwickeln kann.<\\\/p>\\n\n\n<p>Besonders wichtig ist mir der liebevolle und freundliche Umgang miteinander, so dass Ihr Kind bei uns Spa\\u00df hat und sich wohl f\\u00fchlt und Sie als Eltern ein gutes Gef\\u00fchl haben.<\\\/p>\\n<\\\/div>\",\"image\":\"wp-content\\\/uploads\\\/IMG-20200720-WA0000.jpg\"}}]}]}]},{\"type\":\"section\",\"props\":{\"style\":\"default\",\"width\":\"default\",\"vertical_align\":\"middle\",\"title_position\":\"top-left\",\"title_rotation\":\"left\",\"title_breakpoint\":\"xl\",\"image_position\":\"center-center\",\"padding\":\"large\"},\"children\":[{\"type\":\"row\",\"props\":{\"divider\":false,\"column_gap\":\"large\",\"row_gap\":\"large\"},\"children\":[{\"type\":\"column\",\"props\":{\"image_position\":\"center-center\",\"media_overlay_gradient\":\"\",\"width_medium\":\"\"},\"children\":[{\"type\":\"headline\",\"props\":{\"title_element\":\"div\",\"title_style\":\"h6\",\"title_color\":\"muted\",\"margin\":\"small\",\"text_align\":\"left\",\"text_align_breakpoint\":\"m\",\"text_align_fallback\":\"center\",\"content\":\"Wir stellen uns vor\"}},{\"type\":\"headline\",\"props\":{\"title_element\":\"h1\",\"title_style\":\"h2\",\"margin\":\"medium\",\"maxwidth\":\"xlarge\",\"block_align_breakpoint\":\"m\",\"block_align_fallback\":\"center\",\"text_align\":\"left\",\"text_align_breakpoint\":\"m\",\"text_align_fallback\":\"center\",\"content\":\"Nadja Schichel\",\"margin_remove_top\":true}},{\"type\":\"text\",\"props\":{\"margin\":\"default\",\"column_breakpoint\":\"m\",\"content\":\"\n\n<p>Mein Name ist Nadja Schichel. Ich bin am 02. Juni 1981 in Troisdorf geboren.<\\\/p>\\n\n\n<p>Ich bin Mutter von 2 S\\u00f6hnen, Kilian geboren am 09. April 2010 und Leonard geboren am 26. April 2017. Verheiratet bin ich mit meinem Mann Gerd Schichel seit dem 10. November 2012.<\\\/p>\\n\n\n<p>Nach Beendigung meiner Schullaufbahn habe ich eine Ausbildung zur Kinderpflegerin in Troisdorf absolviert, welche ich im Mai 2000 zur staatlich gepr\\u00fcften Kinderpflegerin abgeschlossen habe.<\\\/p>\\n\n\n<p>Ab 01.06.2000 war ich bis zur Geburt von meinem ersten Sohn im Jahre 2010 Vollzeit in einem katholischen Kindergarten besch\\u00e4ftigt. Dort konnte ich einige Fortbildungen, Qualifikationen und Weiterbildungen besuchen.<\\\/p>\"}},{\"type\":\"image\",\"props\":{\"margin\":\"default\",\"image_svg_color\":\"emphasis\",\"image\":\"wp-content\\\/uploads\\\/DSC2051-scaled.jpeg\",\"image_width\":\"760\",\"image_box_shadow\":\"small\",\"image_border\":\"rounded\",\"text_align\":\"center\"}},{\"type\":\"text\",\"props\":{\"margin\":\"default\",\"column_breakpoint\":\"m\",\"content\":\"\n\n<ul>\\n\n\n<li>Psychomotorik in der Kindergartenpraxis<\\\/li>\\n\n\n<li>Kinderzeichnungen \\u2013 verstehen was Kinder malen<\\\/li>\\n\n\n<li>Experimentieren mit Kindern im Kindergarten - und Schulalter<\\\/li>\\n\n\n<li>Informationsveranstaltung \\u00fcber Kids und Teens mit Diabetes<\\\/li>\\n\n\n<li>Erarbeitung einer p\\u00e4dagogischen Konzeption<\\\/li>\\n\n\n<li>GaBi \\u2013 Ganzheitliche Bildungsdokumentations - Software f\\u00fcr Kitaeinrichtungen<\\\/li>\\n\n\n<li>Brandschutz<\\\/li>\\n\n\n<li>Erste Hilfe am Kind<\\\/li>\\n<\\\/ul>\\n\n\n<p>Nach 2 Jahren Elternzeit bin ich in das Kindergartenleben zur\\u00fcckgekehrt. Dort betreute ich 25 Kinder von 3 Jahren bis Schuleintritt.<\\\/p>\\n\n\n<p>Im April 2017 erblickte mein zweiter Sohn Leonard das Licht der Welt. W\\u00e4hrend der Elternzeit konnte ich schon einige sehr sch\\u00f6ne Einblicke in die Tagespflege von Alexia Raderschad gewinnen. Bei Spazierg\\u00e4ngen, Bastelangeboten oder Spielplatzbesuchen wurde meine Entscheidung best\\u00e4rkt Kinder unter 3 Jahren bei ihrer Entwicklung zu begleiten. Ich m\\u00f6chte eine familiennahe Tagesmutter f\\u00fcr das Tageskind sein, ihm zuh\\u00f6ren und es tr\\u00f6sten, mit ihm spielen und lachen, das sind f\\u00fcr mich Grundvoraussetzungen in der Betreuung von Kindern.<\\\/p>\\n\n\n<p>Somit habe ich mich im September 2019 an einem Qualifizierungskurs zur\\u00a0<\\\/p>\\n\n\n<p>Tagespflege bei dem Familienbildungwerk des Deutschen Roten Kreuzes angemeldet.<\\\/p>\\n\n\n<p>Im Juni 2020 werde ich nach abgeschlossener Pr\\u00fcfung das Zertifikat zur qualifizierten Tagespflegeperson erhalten.<\\\/p>\\n\n\n<p>Ich freue mich darauf jedes Kind als eigene Pers\\u00f6nlichkeit mit eigenen W\\u00fcnschen und eigenen Meinungen wahrzunehmen und bei individuellen Lernfortschritte zu begleiten.<\\\/p>\"}}]}]}],\"name\":\"About\"},{\"type\":\"section\",\"props\":{\"style\":\"default\",\"width\":\"\",\"vertical_align\":\"middle\",\"title_position\":\"top-left\",\"title_rotation\":\"left\",\"title_breakpoint\":\"xl\",\"image_position\":\"center-center\",\"text_color\":\"light\",\"padding\":\"small\",\"image\":\"\",\"padding_remove_top\":true,\"padding_remove_bottom\":false},\"children\":[{\"type\":\"row\",\"props\":{\"margin\":\"xlarge\"},\"children\":[{\"type\":\"column\",\"props\":{\"image_position\":\"center-center\",\"media_overlay_gradient\":\"\",\"text_color\":\"light\",\"padding\":\"xlarge\",\"image\":\"wp-content\\\/uploads\\\/DSC1988-scaled.jpeg\",\"image_size\":\"cover\",\"image_width\":\"1840\",\"width_medium\":\"1-1\"},\"children\":[]}]},{\"type\":\"row\",\"props\":{\"width\":\"default\"},\"children\":[{\"type\":\"column\",\"props\":{\"image_position\":\"center-center\",\"media_overlay_gradient\":\"\",\"width_medium\":\"1-1\"},\"children\":[{\"type\":\"image\",\"props\":{\"margin\":\"default\",\"image_svg_color\":\"emphasis\",\"position\":\"absolute\",\"text_align\":\"right\",\"animation\":\"parallax\",\"image\":\"wp-content\\\/uploads\\\/illustration-sun.svg\",\"position_top\":\"-25vh\",\"image_width\":\"300\",\"css\":\".el-image {\\n    min-width: 160px;\\n    max-width: 25vw;\\n}\",\"position_right\":\"2vw\",\"parallax_y_end\":\"-50vh\"}}]}]}],\"name\":\"Workshop\"},{\"type\":\"section\",\"props\":{\"style\":\"muted\",\"width\":\"default\",\"vertical_align\":\"middle\",\"title_position\":\"top-left\",\"title_rotation\":\"left\",\"title_breakpoint\":\"xl\",\"image_position\":\"center-center\",\"padding_remove_top\":false},\"children\":[{\"type\":\"row\",\"props\":{\"layout\":\"1-2,1-2\"},\"children\":[{\"type\":\"column\",\"props\":{\"image_position\":\"center-center\",\"media_overlay_gradient\":\"\",\"width_medium\":\"1-2\"},\"children\":[{\"type\":\"headline\",\"props\":{\"title_element\":\"h1\",\"content\":\"Kalle - treuer Familienhund<br \\\/>der Familie Raderschad\",\"title_style\":\"h4\"}},{\"type\":\"text\",\"props\":{\"margin\":\"default\",\"column_breakpoint\":\"m\",\"content\":\"\n\n<p>Ich bin Kalle und wurde im Oktober 2017 geboren. Ich besuche ab und zu die Gro\\u00dftagespflege und am liebsten gehe ich mit zu den langen Spazierg\\u00e4ngen und Ausfl\\u00fcgen.<\\\/p>\\n\n\n<p>Seit meiner Geburt bin ich bei der Kindertagespflege dabei, sodass ich bei dem ganzen Trubel um mich herum stets gelassen bleibe.<\\\/p>\\n\n\n<p>Selbstverst\\u00e4ndlich werde ich regelm\\u00e4\\u00dfig geimpft, entwurmt und bekomme etwas zur Vorbeugung gegen Fl\\u00f6he und Zecken.<\\\/p>\"}}]},{\"type\":\"column\",\"props\":{\"image_position\":\"center-center\",\"media_overlay_gradient\":\"\",\"width_medium\":\"1-2\"},\"children\":[{\"type\":\"image\",\"props\":{\"margin\":\"default\",\"image_svg_color\":\"emphasis\",\"image\":\"wp-content\\\/uploads\\\/kalle-02.jpg\",\"image_height\":\"300\",\"text_align\":\"center\",\"image_border\":\"rounded\",\"image_box_shadow\":\"small\"}}]}]}]},{\"type\":\"section\",\"props\":{\"style\":\"default\",\"width\":\"default\",\"vertical_align\":\"middle\",\"title_position\":\"top-left\",\"title_rotation\":\"left\",\"title_breakpoint\":\"xl\",\"image_position\":\"center-center\",\"text_color\":\"light\",\"padding\":\"xlarge\",\"image\":\"wp-content\\\/uploads\\\/20200915_104551.jpg\",\"image_size\":\"cover\",\"image_width\":\"1840\"},\"children\":[{\"type\":\"row\",\"props\":{\"layout\":\"1-2,1-2\"},\"children\":[{\"type\":\"column\",\"props\":{\"image_position\":\"center-center\",\"media_overlay_gradient\":\"\",\"width_medium\":\"1-2\"},\"children\":[{\"type\":\"headline\",\"props\":{\"title_element\":\"h2\",\"text_align\":\"left\",\"text_align_fallback\":\"center\",\"animation\":\"parallax\",\"content\":\"\n\n<p>Sie haben Fragen <br \\\/>oder Anregungen?<br \\\/>Sprechen Sie uns gerne an!<\\\/p>\",\"title_style\":\"h3\",\"css\":\".el-element {\\n text-shadow: 2px 1px 1px rgba(17, 17, 17, 1);\\n}\"}},{\"type\":\"button\",\"props\":{\"margin\":\"default\",\"button_size\":\"large\",\"text_align\":\"left\",\"grid_column_gap\":\"small\",\"grid_row_gap\":\"small\"},\"children\":[{\"type\":\"button_item\",\"props\":{\"button_style\":\"primary\",\"icon_align\":\"left\",\"content\":\"E-Mail\",\"link\":\"mailto:info@piratenbande-hennef.de\"}}]}]},{\"type\":\"column\",\"props\":{\"image_position\":\"center-center\",\"media_overlay_gradient\":\"\",\"width_medium\":\"1-2\"},\"children\":[]}]}],\"name\":\"Call to Action\"}],\"version\":\"2.2.4\",\"type\":\"layout\"} --><\/p>\n","protected":false},"excerpt":{"rendered":"<p>\u00dcber uns Wir stellen uns vor Alexia Raderschad Mein Name ist Alexia Raderschad. Ich wurde am 02. Juli 1981 geboren. Ich bin mit meinem Ehemann Eric Raderschad verheiratet und stolze Mutter zweier S\u00f6hne.Paul wurde am 30. Oktober 2012 und Anton am 04. November 2015 geboren.Zus\u00e4tzlich geh\u00f6rt noch unser Hund Kalle zu unserer Familie. Ich bin [&hellip;]<\/p>\n","protected":false},"author":1,"featured_media":0,"parent":0,"menu_order":0,"comment_status":"closed","ping_status":"closed","template":"","meta":{"footnotes":""},"yoast_head":"<!-- This site is optimized with the Yoast SEO plugin v22.6 - https:\/\/yoast.com\/wordpress\/plugins\/seo\/ -->\n<title>\u00dcber uns - Piratenbande Hennef - Grosstagespflege<\/title>\n<meta name=\"robots\" content=\"index, follow, max-snippet:-1, max-image-preview:large, max-video-preview:-1\" \/>\n<link rel=\"canonical\" href=\"https:\/\/piratenbande-hennef.de\/?page_id=396\" \/>\n<meta property=\"og:locale\" content=\"de_DE\" \/>\n<meta property=\"og:type\" content=\"article\" \/>\n<meta property=\"og:title\" content=\"\u00dcber uns - Piratenbande Hennef - Grosstagespflege\" \/>\n<meta property=\"og:description\" content=\"\u00dcber uns Wir stellen uns vor Alexia Raderschad Mein Name ist Alexia Raderschad. Ich wurde am 02. Juli 1981 geboren. Ich bin mit meinem Ehemann Eric Raderschad verheiratet und stolze Mutter zweier S\u00f6hne.Paul wurde am 30. Oktober 2012 und Anton am 04. November 2015 geboren.Zus\u00e4tzlich geh\u00f6rt noch unser Hund Kalle zu unserer Familie. Ich bin [&hellip;]\" \/>\n<meta property=\"og:url\" content=\"https:\/\/piratenbande-hennef.de\/?page_id=396\" \/>\n<meta property=\"og:site_name\" content=\"Piratenbande Hennef - Grosstagespflege\" \/>\n<meta property=\"article:modified_time\" content=\"2020-09-16T16:51:40+00:00\" \/>\n<meta name=\"twitter:card\" content=\"summary_large_image\" \/>\n<meta name=\"twitter:label1\" content=\"Gesch\u00e4tzte Lesezeit\" \/>\n\t<meta name=\"twitter:data1\" content=\"3\u00a0Minuten\" \/>\n<script type=\"application\/ld+json\" class=\"yoast-schema-graph\">{\"@context\":\"https:\/\/schema.org\",\"@graph\":[{\"@type\":\"WebPage\",\"@id\":\"https:\/\/piratenbande-hennef.de\/?page_id=396\",\"url\":\"https:\/\/piratenbande-hennef.de\/?page_id=396\",\"name\":\"\u00dcber uns - Piratenbande Hennef - Grosstagespflege\",\"isPartOf\":{\"@id\":\"https:\/\/piratenbande-hennef.de\/#website\"},\"datePublished\":\"2020-07-20T10:38:46+00:00\",\"dateModified\":\"2020-09-16T16:51:40+00:00\",\"breadcrumb\":{\"@id\":\"https:\/\/piratenbande-hennef.de\/?page_id=396#breadcrumb\"},\"inLanguage\":\"de\",\"potentialAction\":[{\"@type\":\"ReadAction\",\"target\":[\"https:\/\/piratenbande-hennef.de\/?page_id=396\"]}]},{\"@type\":\"BreadcrumbList\",\"@id\":\"https:\/\/piratenbande-hennef.de\/?page_id=396#breadcrumb\",\"itemListElement\":[{\"@type\":\"ListItem\",\"position\":1,\"name\":\"Startseite\",\"item\":\"https:\/\/piratenbande-hennef.de\/\"},{\"@type\":\"ListItem\",\"position\":2,\"name\":\"\u00dcber uns\"}]},{\"@type\":\"WebSite\",\"@id\":\"https:\/\/piratenbande-hennef.de\/#website\",\"url\":\"https:\/\/piratenbande-hennef.de\/\",\"name\":\"Piratenbande Hennef - Grosstagespflege\",\"description\":\"Grosstagespflege Piratenbande Hennef\",\"publisher\":{\"@id\":\"https:\/\/piratenbande-hennef.de\/#organization\"},\"potentialAction\":[{\"@type\":\"SearchAction\",\"target\":{\"@type\":\"EntryPoint\",\"urlTemplate\":\"https:\/\/piratenbande-hennef.de\/?s={search_term_string}\"},\"query-input\":\"required name=search_term_string\"}],\"inLanguage\":\"de\"},{\"@type\":\"Organization\",\"@id\":\"https:\/\/piratenbande-hennef.de\/#organization\",\"name\":\"Grosstagespflege Piratenbande Hennef\",\"url\":\"https:\/\/piratenbande-hennef.de\/\",\"logo\":{\"@type\":\"ImageObject\",\"inLanguage\":\"de\",\"@id\":\"https:\/\/piratenbande-hennef.de\/#\/schema\/logo\/image\/\",\"url\":\"https:\/\/piratenbande-hennef.de\/wp-content\/uploads\/logo-01.png\",\"contentUrl\":\"https:\/\/piratenbande-hennef.de\/wp-content\/uploads\/logo-01.png\",\"width\":550,\"height\":463,\"caption\":\"Grosstagespflege Piratenbande Hennef\"},\"image\":{\"@id\":\"https:\/\/piratenbande-hennef.de\/#\/schema\/logo\/image\/\"}}]}<\/script>\n<!-- \/ Yoast SEO plugin. -->","yoast_head_json":{"title":"\u00dcber uns - Piratenbande Hennef - Grosstagespflege","robots":{"index":"index","follow":"follow","max-snippet":"max-snippet:-1","max-image-preview":"max-image-preview:large","max-video-preview":"max-video-preview:-1"},"canonical":"https:\/\/piratenbande-hennef.de\/?page_id=396","og_locale":"de_DE","og_type":"article","og_title":"\u00dcber uns - Piratenbande Hennef - Grosstagespflege","og_description":"\u00dcber uns Wir stellen uns vor Alexia Raderschad Mein Name ist Alexia Raderschad. Ich wurde am 02. Juli 1981 geboren. Ich bin mit meinem Ehemann Eric Raderschad verheiratet und stolze Mutter zweier S\u00f6hne.Paul wurde am 30. Oktober 2012 und Anton am 04. November 2015 geboren.Zus\u00e4tzlich geh\u00f6rt noch unser Hund Kalle zu unserer Familie. Ich bin [&hellip;]","og_url":"https:\/\/piratenbande-hennef.de\/?page_id=396","og_site_name":"Piratenbande Hennef - Grosstagespflege","article_modified_time":"2020-09-16T16:51:40+00:00","twitter_card":"summary_large_image","twitter_misc":{"Gesch\u00e4tzte Lesezeit":"3\u00a0Minuten"},"schema":{"@context":"https:\/\/schema.org","@graph":[{"@type":"WebPage","@id":"https:\/\/piratenbande-hennef.de\/?page_id=396","url":"https:\/\/piratenbande-hennef.de\/?page_id=396","name":"\u00dcber uns - Piratenbande Hennef - Grosstagespflege","isPartOf":{"@id":"https:\/\/piratenbande-hennef.de\/#website"},"datePublished":"2020-07-20T10:38:46+00:00","dateModified":"2020-09-16T16:51:40+00:00","breadcrumb":{"@id":"https:\/\/piratenbande-hennef.de\/?page_id=396#breadcrumb"},"inLanguage":"de","potentialAction":[{"@type":"ReadAction","target":["https:\/\/piratenbande-hennef.de\/?page_id=396"]}]},{"@type":"BreadcrumbList","@id":"https:\/\/piratenbande-hennef.de\/?page_id=396#breadcrumb","itemListElement":[{"@type":"ListItem","position":1,"name":"Startseite","item":"https:\/\/piratenbande-hennef.de\/"},{"@type":"ListItem","position":2,"name":"\u00dcber uns"}]},{"@type":"WebSite","@id":"https:\/\/piratenbande-hennef.de\/#website","url":"https:\/\/piratenbande-hennef.de\/","name":"Piratenbande Hennef - Grosstagespflege","description":"Grosstagespflege Piratenbande Hennef","publisher":{"@id":"https:\/\/piratenbande-hennef.de\/#organization"},"potentialAction":[{"@type":"SearchAction","target":{"@type":"EntryPoint","urlTemplate":"https:\/\/piratenbande-hennef.de\/?s={search_term_string}"},"query-input":"required name=search_term_string"}],"inLanguage":"de"},{"@type":"Organization","@id":"https:\/\/piratenbande-hennef.de\/#organization","name":"Grosstagespflege Piratenbande Hennef","url":"https:\/\/piratenbande-hennef.de\/","logo":{"@type":"ImageObject","inLanguage":"de","@id":"https:\/\/piratenbande-hennef.de\/#\/schema\/logo\/image\/","url":"https:\/\/piratenbande-hennef.de\/wp-content\/uploads\/logo-01.png","contentUrl":"https:\/\/piratenbande-hennef.de\/wp-content\/uploads\/logo-01.png","width":550,"height":463,"caption":"Grosstagespflege Piratenbande Hennef"},"image":{"@id":"https:\/\/piratenbande-hennef.de\/#\/schema\/logo\/image\/"}}]}},"_links":{"self":[{"href":"https:\/\/piratenbande-hennef.de\/index.php?rest_route=\/wp\/v2\/pages\/396"}],"collection":[{"href":"https:\/\/piratenbande-hennef.de\/index.php?rest_route=\/wp\/v2\/pages"}],"about":[{"href":"https:\/\/piratenbande-hennef.de\/index.php?rest_route=\/wp\/v2\/types\/page"}],"author":[{"embeddable":true,"href":"https:\/\/piratenbande-hennef.de\/index.php?rest_route=\/wp\/v2\/users\/1"}],"replies":[{"embeddable":true,"href":"https:\/\/piratenbande-hennef.de\/index.php?rest_route=%2Fwp%2Fv2%2Fcomments&post=396"}],"version-history":[{"count":35,"href":"https:\/\/piratenbande-hennef.de\/index.php?rest_route=\/wp\/v2\/pages\/396\/revisions"}],"predecessor-version":[{"id":626,"href":"https:\/\/piratenbande-hennef.de\/index.php?rest_route=\/wp\/v2\/pages\/396\/revisions\/626"}],"wp:attachment":[{"href":"https:\/\/piratenbande-hennef.de\/index.php?rest_route=%2Fwp%2Fv2%2Fmedia&parent=396"}],"curies":[{"name":"wp","href":"https:\/\/api.w.org\/{rel}","templated":true}]}}