{"id":247,"date":"2020-06-11T10:23:59","date_gmt":"2020-06-11T10:23:59","guid":{"rendered":"https:\/\/piratenbande-hennef.de\/?page_id=247"},"modified":"2020-09-02T16:57:42","modified_gmt":"2020-09-02T16:57:42","slug":"tagesablauf","status":"publish","type":"page","link":"https:\/\/piratenbande-hennef.de\/?page_id=247","title":{"rendered":"Tagesablauf"},"content":{"rendered":"<h1>Tagesablauf<\/h1>\n<div>\n<p>So wie Kinder sich weiterentwickeln oder sich Umst\u00e4nde \u00e4ndern, so k\u00f6nnen auch unsere Tagesabl\u00e4ufe variieren, zum Beispiel bedingt durch die Wetterlage, Geburtstage oder Feiern, Ausfl\u00fcge oder Krankheiten.<\/p>\n<\/div>\n<h1>Beispieltagesablauf<\/h1>\n<h1>08.00 Uhr<\/h1>\n<div>\n<p>Eintreffen der Piratenkinder in der Tagespflege.<br \/>Freispiel und Vorbereitungen f\u00fcr das Fr\u00fchst\u00fcck bis alle Piraten angekommen sind.<\/p>\n<\/div>\n<hr>\n<h1>08.30 Uhr<\/h1>\n<div>\n<p>Gemeinsames Fr\u00fchst\u00fcck<\/p>\n<\/div>\n<hr>\n<h1>09.00 Uhr<\/h1>\n<div>\n<p>Morgenkreis.<br \/>Dabei nehmen wir den Tag genauer unter die Lupe, notieren, welche Kinder anwesend sind, singen, lesen und spielen gemeinsam Bewegungsspiele, um in den Tag zu starten.<\/p>\n<\/div>\n<hr>\n<h1>09.30 Uhr<\/h1>\n<div>\n<p>Je nach Wetterlage gehen wir mit den Piratenkindern und unserem Hund Kalle auf Entdeckungstour durch den Kurpark, einkaufen oder zu den nahegelegenen Spielpl\u00e4tzen. Bei Bedarf reichen wir Obst oder Rohkostsnacks.<\/p>\n<\/div>\n<hr>\n<h1>11.00 Uhr<\/h1>\n<div>\n<p>Vorbereitungen f\u00fcr das t\u00e4glich frisch zubereitete Mittagsessen.<\/p>\n<\/div>\n<hr>\n<h1>11.30 Uhr<\/h1>\n<div>\n<p>Gemeinsames Mittagessen.<\/p>\n<\/div>\n<hr>\n<h1>12.00 Uhr<\/h1>\n<div>\n<p>Mittagsruhe.<br \/>Die Piratenbande hat die M\u00f6glichkeit zu schlafen oder sich bei einer Geschichte auszuruhen.<\/p>\n<\/div>\n<hr>\n<h1>13.30 Uhr<\/h1>\n<div>\n<p>Gem\u00fctliches Aufwachen.<br \/>Freies Spiel bis zur Abholung.<\/p>\n<\/div>\n<hr>\n<h1>14.00 Uhr<\/h1>\n<div>\n<p>Abholung der Piratenkinder in der Tagespflege.<\/p>\n<\/div>\n<hr>\n<p><img decoding=\"async\" src=\"\/wp-content\/uploads\/photo-of-toddler-smiling-1912868-scaled.jpg\" alt=\"\"><\/p>\n<h2>Unser gemeinsames Mittagessen<\/h2>\n<h3>frisch und gesund<\/h3>\n<hr>\n<p><!-- {\"name\":\"Schedule\",\"type\":\"layout\",\"children\":[{\"type\":\"section\",\"props\":{\"style\":\"default\",\"width\":\"default\",\"vertical_align\":\"middle\",\"title_position\":\"top-left\",\"title_rotation\":\"left\",\"title_breakpoint\":\"xl\",\"image_position\":\"center-center\",\"padding\":\"xlarge\",\"image\":\"wp-content\\\/uploads\\\/person-making-clay-figures-1449934-scaled.jpg\",\"css\":\"\\n\",\"image_size\":\"cover\",\"image_width\":\"1840\",\"height\":\"percent\",\"title\":\"\\u00dcber uns\",\"text_color\":\"light\"},\"children\":[{\"type\":\"row\",\"children\":[{\"type\":\"column\",\"props\":{\"image_position\":\"center-center\",\"media_overlay_gradient\":\"\",\"width_medium\":\"1-1\"},\"children\":[{\"type\":\"headline\",\"props\":{\"title_element\":\"h1\",\"content\":\"Tagesablauf\",\"title_style\":\"heading-medium\",\"text_align\":\"center\"}}]}]}],\"name\":\"Header \\u00dcber uns\"},{\"name\":\"Tagesablauf\",\"type\":\"section\",\"props\":{\"width\":\"default\",\"style\":\"default\",\"padding_remove_top\":false,\"image\":\"\",\"image_fixed\":false,\"image_visibility\":\"m\",\"image_position\":\"top-left\",\"class\":\"\",\"padding_remove_bottom\":true,\"css\":\".el-section { background-image: none; }\",\"vertical_align\":\"middle\",\"title_position\":\"top-left\",\"title_rotation\":\"left\",\"title_breakpoint\":\"xl\"},\"children\":[{\"name\":\"\",\"type\":\"row\",\"props\":{\"margin\":\"default\",\"margin_remove_bottom\":false},\"children\":[{\"name\":\"\",\"type\":\"column\",\"props\":{\"image_position\":\"center-center\",\"media_overlay_gradient\":\"\",\"width_medium\":\"1-1\"},\"children\":[{\"type\":\"text\",\"props\":{\"margin\":\"default\",\"column_breakpoint\":\"m\",\"content\":\"\n\n<p>So wie Kinder sich weiterentwickeln oder sich Umst\\u00e4nde \\u00e4ndern, so k\\u00f6nnen auch unsere Tagesabl\\u00e4ufe variieren, zum Beispiel bedingt durch die Wetterlage, Geburtstage oder Feiern, Ausfl\\u00fcge oder Krankheiten.<\\\/p>\"}}]}]},{\"type\":\"row\",\"props\":{\"margin\":\"large\",\"margin_remove_top\":true},\"children\":[{\"type\":\"column\",\"props\":{\"image_position\":\"center-center\",\"media_overlay_gradient\":\"\",\"width_medium\":\"1-1\"},\"children\":[{\"type\":\"headline\",\"props\":{\"title_element\":\"h1\",\"title_style\":\"h3\",\"content\":\"Beispieltagesablauf\"}}]}]},{\"name\":\"\",\"type\":\"row\",\"props\":{\"layout\":\"large,expand\",\"width\":\"small\",\"vertical_align\":true},\"children\":[{\"name\":\"\",\"type\":\"column\",\"props\":{\"image_position\":\"center-center\",\"media_overlay_gradient\":\"\",\"width_medium\":\"medium\"},\"children\":[{\"name\":\"\",\"type\":\"headline\",\"props\":{\"title_element\":\"h1\",\"content\":\"08.00 Uhr\",\"title_style\":\"h3\"}}]},{\"name\":\"\",\"type\":\"column\",\"props\":{\"image_position\":\"center-center\",\"vertical_align\":\"middle\",\"media_overlay_gradient\":\"\",\"width_medium\":\"expand\"},\"children\":[{\"type\":\"text\",\"props\":{\"margin\":\"default\",\"column_breakpoint\":\"m\",\"content\":\"\n\n<p>Eintreffen der Piratenkinder in der Tagespflege.<br \\\/>Freispiel und Vorbereitungen f\\u00fcr das Fr\\u00fchst\\u00fcck bis alle Piraten angekommen sind.<\\\/p>\"}}]}]},{\"name\":\"\",\"type\":\"row\",\"props\":{\"margin\":\"medium\",\"width\":\"small\"},\"children\":[{\"name\":\"\",\"type\":\"column\",\"props\":{\"image_position\":\"center-center\",\"media_overlay_gradient\":\"\",\"width_medium\":\"1-1\"},\"children\":[{\"name\":\"\",\"type\":\"divider\",\"props\":{\"divider_element\":\"hr\"}}]}]},{\"name\":\"\",\"type\":\"row\",\"props\":{\"layout\":\"large,expand\",\"width\":\"small\",\"vertical_align\":true},\"children\":[{\"name\":\"\",\"type\":\"column\",\"props\":{\"image_position\":\"center-center\",\"media_overlay_gradient\":\"\",\"width_medium\":\"medium\"},\"children\":[{\"name\":\"\",\"type\":\"headline\",\"props\":{\"title_element\":\"h1\",\"content\":\"08.30 Uhr\",\"title_style\":\"h3\"}}]},{\"name\":\"\",\"type\":\"column\",\"props\":{\"image_position\":\"center-center\",\"vertical_align\":\"middle\",\"media_overlay_gradient\":\"\",\"width_medium\":\"expand\"},\"children\":[{\"type\":\"text\",\"props\":{\"margin\":\"default\",\"column_breakpoint\":\"m\",\"content\":\"\n\n<p>Gemeinsames Fr\\u00fchst\\u00fcck<\\\/p>\"}}]}]},{\"name\":\"\",\"type\":\"row\",\"props\":{\"margin\":\"medium\",\"width\":\"small\"},\"children\":[{\"name\":\"\",\"type\":\"column\",\"props\":{\"image_position\":\"center-center\",\"image\":\"\",\"media_overlay_gradient\":\"\",\"width_medium\":\"1-1\"},\"children\":[{\"name\":\"\",\"type\":\"divider\",\"props\":{\"divider_element\":\"hr\"}}]}]},{\"name\":\"\",\"type\":\"row\",\"props\":{\"layout\":\"large,expand\",\"width\":\"small\",\"vertical_align\":true},\"children\":[{\"name\":\"\",\"type\":\"column\",\"props\":{\"image_position\":\"center-center\",\"media_overlay_gradient\":\"\",\"width_medium\":\"medium\"},\"children\":[{\"name\":\"\",\"type\":\"headline\",\"props\":{\"title_element\":\"h1\",\"content\":\"09.00 Uhr\",\"title_style\":\"h3\"}}]},{\"name\":\"\",\"type\":\"column\",\"props\":{\"image_position\":\"center-center\",\"vertical_align\":\"middle\",\"media_overlay_gradient\":\"\",\"width_medium\":\"expand\"},\"children\":[{\"type\":\"text\",\"props\":{\"margin\":\"default\",\"column_breakpoint\":\"m\",\"content\":\"\n\n<p>Morgenkreis.<br \\\/>Dabei nehmen wir den Tag genauer unter die Lupe, notieren, welche Kinder anwesend sind, singen, lesen und spielen gemeinsam Bewegungsspiele, um in den Tag zu starten.<\\\/p>\"}}]}]},{\"name\":\"\",\"type\":\"row\",\"props\":{\"margin\":\"remove-vertical\",\"width\":\"small\"},\"children\":[{\"name\":\"\",\"type\":\"column\",\"props\":{\"image_position\":\"center-center\",\"media_overlay_gradient\":\"\",\"width_medium\":\"1-1\"},\"children\":[{\"name\":\"\",\"type\":\"divider\",\"props\":{\"divider_element\":\"hr\"}}]}]},{\"name\":\"\",\"type\":\"row\",\"props\":{\"layout\":\"large,expand\",\"width\":\"small\",\"vertical_align\":true},\"children\":[{\"name\":\"\",\"type\":\"column\",\"props\":{\"image_position\":\"center-center\",\"media_overlay_gradient\":\"\",\"width_medium\":\"medium\"},\"children\":[{\"name\":\"\",\"type\":\"headline\",\"props\":{\"title_element\":\"h1\",\"content\":\"09.30 Uhr\",\"title_style\":\"h3\"}}]},{\"name\":\"\",\"type\":\"column\",\"props\":{\"image_position\":\"center-center\",\"vertical_align\":\"middle\",\"media_overlay_gradient\":\"\",\"width_medium\":\"expand\"},\"children\":[{\"type\":\"text\",\"props\":{\"margin\":\"default\",\"column_breakpoint\":\"m\",\"content\":\"\n\n<p>Je nach Wetterlage gehen wir mit den Piratenkindern und unserem Hund Kalle auf Entdeckungstour durch den Kurpark, einkaufen oder zu den nahegelegenen Spielpl\\u00e4tzen. Bei Bedarf reichen wir Obst oder Rohkostsnacks.<\\\/p>\"}}]}]},{\"name\":\"\",\"type\":\"row\",\"props\":{\"margin\":\"medium\",\"width\":\"small\"},\"children\":[{\"name\":\"\",\"type\":\"column\",\"props\":{\"image_position\":\"center-center\",\"media_overlay_gradient\":\"\",\"width_medium\":\"1-1\"},\"children\":[{\"name\":\"\",\"type\":\"divider\",\"props\":{\"divider_element\":\"hr\"}}]}]},{\"name\":\"\",\"type\":\"row\",\"props\":{\"layout\":\"large,expand\",\"width\":\"small\",\"vertical_align\":true},\"children\":[{\"name\":\"\",\"type\":\"column\",\"props\":{\"image_position\":\"center-center\",\"media_overlay_gradient\":\"\",\"width_medium\":\"medium\"},\"children\":[{\"name\":\"\",\"type\":\"headline\",\"props\":{\"title_element\":\"h1\",\"content\":\"11.00 Uhr\",\"title_style\":\"h3\"}}]},{\"name\":\"\",\"type\":\"column\",\"props\":{\"image_position\":\"center-center\",\"vertical_align\":\"middle\",\"media_overlay_gradient\":\"\",\"width_medium\":\"expand\"},\"children\":[{\"type\":\"text\",\"props\":{\"margin\":\"default\",\"column_breakpoint\":\"m\",\"content\":\"\n\n<p>Vorbereitungen f\\u00fcr das t\\u00e4glich frisch zubereitete Mittagsessen.<\\\/p>\"}}]}]},{\"name\":\"\",\"type\":\"row\",\"props\":{\"margin\":\"medium\",\"width\":\"small\"},\"children\":[{\"name\":\"\",\"type\":\"column\",\"props\":{\"image_position\":\"center-center\",\"media_overlay_gradient\":\"\",\"width_medium\":\"1-1\"},\"children\":[{\"name\":\"\",\"type\":\"divider\",\"props\":{\"divider_element\":\"hr\"}}]}]},{\"name\":\"\",\"type\":\"row\",\"props\":{\"layout\":\"large,expand\",\"width\":\"small\",\"vertical_align\":true},\"children\":[{\"name\":\"\",\"type\":\"column\",\"props\":{\"image_position\":\"center-center\",\"media_overlay_gradient\":\"\",\"width_medium\":\"medium\"},\"children\":[{\"name\":\"\",\"type\":\"headline\",\"props\":{\"title_element\":\"h1\",\"content\":\"11.30 Uhr\",\"title_style\":\"h3\"}}]},{\"name\":\"\",\"type\":\"column\",\"props\":{\"image_position\":\"center-center\",\"vertical_align\":\"middle\",\"media_overlay_gradient\":\"\",\"width_medium\":\"expand\"},\"children\":[{\"type\":\"text\",\"props\":{\"margin\":\"default\",\"column_breakpoint\":\"m\",\"content\":\"\n\n<p>Gemeinsames Mittagessen.<\\\/p>\"}}]}]},{\"name\":\"\",\"type\":\"row\",\"props\":{\"width\":\"small\"},\"children\":[{\"name\":\"\",\"type\":\"column\",\"props\":{\"image_position\":\"center-center\",\"media_overlay_gradient\":\"\",\"width_medium\":\"1-1\"},\"children\":[{\"name\":\"\",\"type\":\"divider\",\"props\":{\"divider_element\":\"hr\",\"margin\":\"medium\"}}]}]},{\"name\":\"\",\"type\":\"row\",\"props\":{\"layout\":\"large,expand\",\"width\":\"small\",\"vertical_align\":true},\"children\":[{\"name\":\"\",\"type\":\"column\",\"props\":{\"image_position\":\"center-center\",\"media_overlay_gradient\":\"\",\"width_medium\":\"medium\"},\"children\":[{\"name\":\"\",\"type\":\"headline\",\"props\":{\"title_element\":\"h1\",\"content\":\"12.00 Uhr\",\"title_style\":\"h3\"}}]},{\"name\":\"\",\"type\":\"column\",\"props\":{\"image_position\":\"center-center\",\"vertical_align\":\"middle\",\"media_overlay_gradient\":\"\",\"width_medium\":\"expand\"},\"children\":[{\"type\":\"text\",\"props\":{\"margin\":\"default\",\"column_breakpoint\":\"m\",\"content\":\"\n\n<p>Mittagsruhe.<br \\\/>Die Piratenbande hat die M\\u00f6glichkeit zu schlafen oder sich bei einer Geschichte auszuruhen.<\\\/p>\"}}]}]},{\"name\":\"\",\"type\":\"row\",\"props\":{\"width\":\"small\"},\"children\":[{\"name\":\"\",\"type\":\"column\",\"props\":{\"image_position\":\"center-center\",\"media_overlay_gradient\":\"\",\"width_medium\":\"1-1\"},\"children\":[{\"name\":\"\",\"type\":\"divider\",\"props\":{\"divider_element\":\"hr\",\"margin\":\"medium\"}}]}]},{\"name\":\"\",\"type\":\"row\",\"props\":{\"layout\":\"large,expand\",\"width\":\"small\",\"vertical_align\":true},\"children\":[{\"name\":\"\",\"type\":\"column\",\"props\":{\"image_position\":\"center-center\",\"media_overlay_gradient\":\"\",\"width_medium\":\"medium\"},\"children\":[{\"name\":\"\",\"type\":\"headline\",\"props\":{\"title_element\":\"h1\",\"content\":\"13.30 Uhr\",\"title_style\":\"h3\"}}]},{\"name\":\"\",\"type\":\"column\",\"props\":{\"image_position\":\"center-center\",\"vertical_align\":\"middle\",\"media_overlay_gradient\":\"\",\"width_medium\":\"expand\"},\"children\":[{\"type\":\"text\",\"props\":{\"margin\":\"default\",\"column_breakpoint\":\"m\",\"content\":\"\n\n<p>Gem\\u00fctliches Aufwachen.<br \\\/>Freies Spiel bis zur Abholung.<\\\/p>\"}}]}]},{\"name\":\"\",\"type\":\"row\",\"props\":{\"width\":\"small\"},\"children\":[{\"name\":\"\",\"type\":\"column\",\"props\":{\"image_position\":\"center-center\",\"media_overlay_gradient\":\"\",\"width_medium\":\"1-1\"},\"children\":[{\"name\":\"\",\"type\":\"divider\",\"props\":{\"divider_element\":\"hr\",\"margin\":\"medium\"}}]}]},{\"name\":\"\",\"type\":\"row\",\"props\":{\"layout\":\"large,expand\",\"width\":\"small\",\"vertical_align\":true},\"children\":[{\"name\":\"\",\"type\":\"column\",\"props\":{\"image_position\":\"center-center\",\"media_overlay_gradient\":\"\",\"width_medium\":\"medium\"},\"children\":[{\"name\":\"\",\"type\":\"headline\",\"props\":{\"title_element\":\"h1\",\"content\":\"14.00 Uhr\",\"title_style\":\"h3\"}}]},{\"name\":\"\",\"type\":\"column\",\"props\":{\"image_position\":\"center-center\",\"vertical_align\":\"middle\",\"media_overlay_gradient\":\"\",\"width_medium\":\"expand\"},\"children\":[{\"type\":\"text\",\"props\":{\"margin\":\"default\",\"column_breakpoint\":\"m\",\"content\":\"\n\n<p>Abholung der Piratenkinder in der Tagespflege.<\\\/p>\"}}]}]},{\"name\":\"\",\"type\":\"row\",\"props\":{\"width\":\"small\"},\"children\":[{\"name\":\"\",\"type\":\"column\",\"props\":{\"image_position\":\"center-center\",\"media_overlay_gradient\":\"\",\"width_medium\":\"1-1\"},\"children\":[{\"name\":\"\",\"type\":\"divider\",\"props\":{\"divider_element\":\"hr\",\"margin\":\"medium\"}}]}]}]},{\"name\":\"Night talks\",\"type\":\"section\",\"props\":{\"style\":\"default\",\"width\":\"default\",\"image_size\":\"cover\",\"image_position\":\"center-center\",\"image\":\"\",\"image_fixed\":true,\"class\":\"\",\"css\":\".el-section { background-image: none; }\",\"vertical_align\":\"middle\",\"title_position\":\"top-left\",\"title_rotation\":\"left\",\"title_breakpoint\":\"xl\",\"image_effect\":\"fixed\",\"status\":\"disabled\"},\"children\":[{\"name\":\"\",\"type\":\"row\",\"props\":{\"layout\":\"1-2,1-2\",\"vertical_align\":true,\"column_gap\":\"large\",\"row_gap\":\"large\"},\"children\":[{\"name\":\"\",\"type\":\"column\",\"props\":{\"image_position\":\"center-center\",\"vertical_align\":\"middle\",\"media_overlay_gradient\":\"\",\"width_medium\":\"1-2\"},\"children\":[{\"name\":\"\",\"type\":\"image\",\"props\":{\"margin\":\"default\",\"image\":\"wp-content\\\/uploads\\\/photo-of-toddler-smiling-1912868-scaled.jpg\",\"image_box_shadow\":\"small\",\"image_width\":\"899\",\"image_svg_color\":\"emphasis\",\"image_border\":\"rounded\"}}]},{\"name\":\"\",\"type\":\"column\",\"props\":{\"image_position\":\"center-center\",\"vertical_align\":\"middle\",\"media_overlay_gradient\":\"\",\"width_medium\":\"1-2\"},\"children\":[{\"name\":\"\",\"type\":\"headline\",\"props\":{\"title_element\":\"h2\",\"content\":\"Unser gemeinsames Mittagessen\",\"title_style\":\"h2\",\"class\":\"\",\"title_color\":\"success\"}},{\"name\":\"\",\"type\":\"headline\",\"props\":{\"title_element\":\"h3\",\"content\":\"frisch und gesund\",\"margin_remove_top\":true}},{\"name\":\"\",\"type\":\"divider\",\"props\":{\"divider_element\":\"hr\",\"divider_style\":\"small\"}}]}]}]}],\"version\":\"2.2.4\"} --><\/p>\n","protected":false},"excerpt":{"rendered":"<p>Tagesablauf So wie Kinder sich weiterentwickeln oder sich Umst\u00e4nde \u00e4ndern, so k\u00f6nnen auch unsere Tagesabl\u00e4ufe variieren, zum Beispiel bedingt durch die Wetterlage, Geburtstage oder Feiern, Ausfl\u00fcge oder Krankheiten. Beispieltagesablauf 08.00 Uhr Eintreffen der Piratenkinder in der Tagespflege.Freispiel und Vorbereitungen f\u00fcr das Fr\u00fchst\u00fcck bis alle Piraten angekommen sind. 08.30 Uhr Gemeinsames Fr\u00fchst\u00fcck 09.00 Uhr Morgenkreis.Dabei nehmen [&hellip;]<\/p>\n","protected":false},"author":1,"featured_media":0,"parent":0,"menu_order":0,"comment_status":"closed","ping_status":"closed","template":"","meta":{"footnotes":""},"yoast_head":"<!-- This site is optimized with the Yoast SEO plugin v22.6 - https:\/\/yoast.com\/wordpress\/plugins\/seo\/ -->\n<title>Tagesablauf - Piratenbande Hennef - Grosstagespflege<\/title>\n<meta name=\"robots\" content=\"index, follow, max-snippet:-1, max-image-preview:large, max-video-preview:-1\" \/>\n<link rel=\"canonical\" href=\"https:\/\/piratenbande-hennef.de\/?page_id=247\" \/>\n<meta property=\"og:locale\" content=\"de_DE\" \/>\n<meta property=\"og:type\" content=\"article\" \/>\n<meta property=\"og:title\" content=\"Tagesablauf - Piratenbande Hennef - Grosstagespflege\" \/>\n<meta property=\"og:description\" content=\"Tagesablauf So wie Kinder sich weiterentwickeln oder sich Umst\u00e4nde \u00e4ndern, so k\u00f6nnen auch unsere Tagesabl\u00e4ufe variieren, zum Beispiel bedingt durch die Wetterlage, Geburtstage oder Feiern, Ausfl\u00fcge oder Krankheiten. Beispieltagesablauf 08.00 Uhr Eintreffen der Piratenkinder in der Tagespflege.Freispiel und Vorbereitungen f\u00fcr das Fr\u00fchst\u00fcck bis alle Piraten angekommen sind. 08.30 Uhr Gemeinsames Fr\u00fchst\u00fcck 09.00 Uhr Morgenkreis.Dabei nehmen [&hellip;]\" \/>\n<meta property=\"og:url\" content=\"https:\/\/piratenbande-hennef.de\/?page_id=247\" \/>\n<meta property=\"og:site_name\" content=\"Piratenbande Hennef - Grosstagespflege\" \/>\n<meta property=\"article:modified_time\" content=\"2020-09-02T16:57:42+00:00\" \/>\n<meta name=\"twitter:card\" content=\"summary_large_image\" \/>\n<meta name=\"twitter:label1\" content=\"Gesch\u00e4tzte Lesezeit\" \/>\n\t<meta name=\"twitter:data1\" content=\"1\u00a0Minute\" \/>\n<script type=\"application\/ld+json\" class=\"yoast-schema-graph\">{\"@context\":\"https:\/\/schema.org\",\"@graph\":[{\"@type\":\"WebPage\",\"@id\":\"https:\/\/piratenbande-hennef.de\/?page_id=247\",\"url\":\"https:\/\/piratenbande-hennef.de\/?page_id=247\",\"name\":\"Tagesablauf - Piratenbande Hennef - Grosstagespflege\",\"isPartOf\":{\"@id\":\"https:\/\/piratenbande-hennef.de\/#website\"},\"datePublished\":\"2020-06-11T10:23:59+00:00\",\"dateModified\":\"2020-09-02T16:57:42+00:00\",\"breadcrumb\":{\"@id\":\"https:\/\/piratenbande-hennef.de\/?page_id=247#breadcrumb\"},\"inLanguage\":\"de\",\"potentialAction\":[{\"@type\":\"ReadAction\",\"target\":[\"https:\/\/piratenbande-hennef.de\/?page_id=247\"]}]},{\"@type\":\"BreadcrumbList\",\"@id\":\"https:\/\/piratenbande-hennef.de\/?page_id=247#breadcrumb\",\"itemListElement\":[{\"@type\":\"ListItem\",\"position\":1,\"name\":\"Startseite\",\"item\":\"https:\/\/piratenbande-hennef.de\/\"},{\"@type\":\"ListItem\",\"position\":2,\"name\":\"Tagesablauf\"}]},{\"@type\":\"WebSite\",\"@id\":\"https:\/\/piratenbande-hennef.de\/#website\",\"url\":\"https:\/\/piratenbande-hennef.de\/\",\"name\":\"Piratenbande Hennef - Grosstagespflege\",\"description\":\"Grosstagespflege Piratenbande Hennef\",\"publisher\":{\"@id\":\"https:\/\/piratenbande-hennef.de\/#organization\"},\"potentialAction\":[{\"@type\":\"SearchAction\",\"target\":{\"@type\":\"EntryPoint\",\"urlTemplate\":\"https:\/\/piratenbande-hennef.de\/?s={search_term_string}\"},\"query-input\":\"required name=search_term_string\"}],\"inLanguage\":\"de\"},{\"@type\":\"Organization\",\"@id\":\"https:\/\/piratenbande-hennef.de\/#organization\",\"name\":\"Grosstagespflege Piratenbande Hennef\",\"url\":\"https:\/\/piratenbande-hennef.de\/\",\"logo\":{\"@type\":\"ImageObject\",\"inLanguage\":\"de\",\"@id\":\"https:\/\/piratenbande-hennef.de\/#\/schema\/logo\/image\/\",\"url\":\"https:\/\/piratenbande-hennef.de\/wp-content\/uploads\/logo-01.png\",\"contentUrl\":\"https:\/\/piratenbande-hennef.de\/wp-content\/uploads\/logo-01.png\",\"width\":550,\"height\":463,\"caption\":\"Grosstagespflege Piratenbande Hennef\"},\"image\":{\"@id\":\"https:\/\/piratenbande-hennef.de\/#\/schema\/logo\/image\/\"}}]}<\/script>\n<!-- \/ Yoast SEO plugin. -->","yoast_head_json":{"title":"Tagesablauf - Piratenbande Hennef - Grosstagespflege","robots":{"index":"index","follow":"follow","max-snippet":"max-snippet:-1","max-image-preview":"max-image-preview:large","max-video-preview":"max-video-preview:-1"},"canonical":"https:\/\/piratenbande-hennef.de\/?page_id=247","og_locale":"de_DE","og_type":"article","og_title":"Tagesablauf - Piratenbande Hennef - Grosstagespflege","og_description":"Tagesablauf So wie Kinder sich weiterentwickeln oder sich Umst\u00e4nde \u00e4ndern, so k\u00f6nnen auch unsere Tagesabl\u00e4ufe variieren, zum Beispiel bedingt durch die Wetterlage, Geburtstage oder Feiern, Ausfl\u00fcge oder Krankheiten. Beispieltagesablauf 08.00 Uhr Eintreffen der Piratenkinder in der Tagespflege.Freispiel und Vorbereitungen f\u00fcr das Fr\u00fchst\u00fcck bis alle Piraten angekommen sind. 08.30 Uhr Gemeinsames Fr\u00fchst\u00fcck 09.00 Uhr Morgenkreis.Dabei nehmen [&hellip;]","og_url":"https:\/\/piratenbande-hennef.de\/?page_id=247","og_site_name":"Piratenbande Hennef - Grosstagespflege","article_modified_time":"2020-09-02T16:57:42+00:00","twitter_card":"summary_large_image","twitter_misc":{"Gesch\u00e4tzte Lesezeit":"1\u00a0Minute"},"schema":{"@context":"https:\/\/schema.org","@graph":[{"@type":"WebPage","@id":"https:\/\/piratenbande-hennef.de\/?page_id=247","url":"https:\/\/piratenbande-hennef.de\/?page_id=247","name":"Tagesablauf - Piratenbande Hennef - Grosstagespflege","isPartOf":{"@id":"https:\/\/piratenbande-hennef.de\/#website"},"datePublished":"2020-06-11T10:23:59+00:00","dateModified":"2020-09-02T16:57:42+00:00","breadcrumb":{"@id":"https:\/\/piratenbande-hennef.de\/?page_id=247#breadcrumb"},"inLanguage":"de","potentialAction":[{"@type":"ReadAction","target":["https:\/\/piratenbande-hennef.de\/?page_id=247"]}]},{"@type":"BreadcrumbList","@id":"https:\/\/piratenbande-hennef.de\/?page_id=247#breadcrumb","itemListElement":[{"@type":"ListItem","position":1,"name":"Startseite","item":"https:\/\/piratenbande-hennef.de\/"},{"@type":"ListItem","position":2,"name":"Tagesablauf"}]},{"@type":"WebSite","@id":"https:\/\/piratenbande-hennef.de\/#website","url":"https:\/\/piratenbande-hennef.de\/","name":"Piratenbande Hennef - Grosstagespflege","description":"Grosstagespflege Piratenbande Hennef","publisher":{"@id":"https:\/\/piratenbande-hennef.de\/#organization"},"potentialAction":[{"@type":"SearchAction","target":{"@type":"EntryPoint","urlTemplate":"https:\/\/piratenbande-hennef.de\/?s={search_term_string}"},"query-input":"required name=search_term_string"}],"inLanguage":"de"},{"@type":"Organization","@id":"https:\/\/piratenbande-hennef.de\/#organization","name":"Grosstagespflege Piratenbande Hennef","url":"https:\/\/piratenbande-hennef.de\/","logo":{"@type":"ImageObject","inLanguage":"de","@id":"https:\/\/piratenbande-hennef.de\/#\/schema\/logo\/image\/","url":"https:\/\/piratenbande-hennef.de\/wp-content\/uploads\/logo-01.png","contentUrl":"https:\/\/piratenbande-hennef.de\/wp-content\/uploads\/logo-01.png","width":550,"height":463,"caption":"Grosstagespflege Piratenbande Hennef"},"image":{"@id":"https:\/\/piratenbande-hennef.de\/#\/schema\/logo\/image\/"}}]}},"_links":{"self":[{"href":"https:\/\/piratenbande-hennef.de\/index.php?rest_route=\/wp\/v2\/pages\/247"}],"collection":[{"href":"https:\/\/piratenbande-hennef.de\/index.php?rest_route=\/wp\/v2\/pages"}],"about":[{"href":"https:\/\/piratenbande-hennef.de\/index.php?rest_route=\/wp\/v2\/types\/page"}],"author":[{"embeddable":true,"href":"https:\/\/piratenbande-hennef.de\/index.php?rest_route=\/wp\/v2\/users\/1"}],"replies":[{"embeddable":true,"href":"https:\/\/piratenbande-hennef.de\/index.php?rest_route=%2Fwp%2Fv2%2Fcomments&post=247"}],"version-history":[{"count":42,"href":"https:\/\/piratenbande-hennef.de\/index.php?rest_route=\/wp\/v2\/pages\/247\/revisions"}],"predecessor-version":[{"id":588,"href":"https:\/\/piratenbande-hennef.de\/index.php?rest_route=\/wp\/v2\/pages\/247\/revisions\/588"}],"wp:attachment":[{"href":"https:\/\/piratenbande-hennef.de\/index.php?rest_route=%2Fwp%2Fv2%2Fmedia&parent=247"}],"curies":[{"name":"wp","href":"https:\/\/api.w.org\/{rel}","templated":true}]}}