{"id":17,"date":"2019-03-25T09:55:29","date_gmt":"2019-03-25T09:55:29","guid":{"rendered":"http:\/\/localhost\/yootheme-pro\/2019\/Balou\/Website_WP\/index.php\/home\/"},"modified":"2022-10-17T10:02:05","modified_gmt":"2022-10-17T10:02:05","slug":"home","status":"publish","type":"page","link":"https:\/\/piratenbande-hennef.de\/","title":{"rendered":"Home"},"content":{"rendered":"<ul>\n<li>\n<p>        <img decoding=\"async\" src=\"\/wp-content\/uploads\/DSC1997-scaled.jpeg\" alt=\"\"><\/p>\n<h1>Piratenbande <br \/>Hennef<\/h1>\n<p>Grosstagespflege<\/p>\n<\/li>\n<li>\n<p>        <img decoding=\"async\" src=\"\/wp-content\/uploads\/DSC2025-scaled.jpeg\" alt=\"\"><\/p>\n<h1>Piratenbande <br \/> Hennef<\/h1>\n<p>Grosstagespflege<\/p>\n<\/li>\n<li>\n<p>        <img decoding=\"async\" src=\"\/wp-content\/uploads\/DSC2010-scaled.jpeg\" alt=\"\"><\/p>\n<h1>Piratenbande <br \/>Hennef<\/h1>\n<p>Grosstagespflege<\/p>\n<\/li>\n<\/ul>\n<h1>Die Tagespflege &#8222;Piratenbande&#8220; wird zur Gro\u00dftagespflege<\/h1>\n<div>\n<p>Liebe Eltern, liebe Leser!<\/p>\n<p>Die Tagespflege \u201ePiratenbande\u201c wird zur Gro\u00dftagespflege. Dies bedeutet, dass sich zwei Kindertagespflegepersonen zusammenschlie\u00dfen und sich im sch\u00f6nen Hennef &#8211; Geistingen R\u00e4umlichkeiten anmieten.<\/p>\n<p>In unserer Gro\u00dftagespflege k\u00f6nnen wir bis zu neun Piratenkinder im Alter von 0 bis 3 Jahren betreuen.<\/p>\n<p>Dabei hat jedes Kind ihre feste Bezugskindertagespflegeperson, die mittels Betreuungsvertrag festgelegt sind. Diese Form der Betreuung hat f\u00fcr uns viele Vorteile. Sie bietet uns als Kindertagespflegeperson zun\u00e4chst einen t\u00e4glichen fachlichen Austausch, Beobachtungen k\u00f6nnen besprochen und z.B. neue Angebote vorbereitet und geplant werden. Zudem k\u00f6nnen wir uns im Alltag in Kleingruppen aufteilen, um beispielsweise verschiedene Aktionen mit unseren Piraten durchzuf\u00fchren oder um intensiveres Freispiel oder Lesephasen anzubieten.<\/p>\n<\/div>\n<p><img decoding=\"async\" src=\"\/wp-content\/uploads\/DSC2045-scaled.jpeg\" alt=\"\"><\/p>\n<div>\n<p>Die Piratenkinder haben zwei Ansprechpartnerinnen, was z.B. w\u00e4hrend des Zubereitens der Mahlzeiten und des Wickelns von Vorteil ist.<\/p>\n<p>Wir orientieren uns an dem p\u00e4dagogischen Konzept von Maria Montessori. Die Erziehung zur Selbst\u00e4ndigkeit und das eigenst\u00e4ndige Lernen und Erforschen der Umwelt steht dabei im Mittelpunkt unserer Arbeit. Wir unterst\u00fctzen die Kinder, wenn sie Hilfe ben\u00f6tigen und sprechen ihnen Mut und Vertrauen in ihre eigenen F\u00e4higkeiten zu. Ganz nach dem Motto von Montessori:<\/p>\n<\/div>\n<h1>\u201eHilf mir es selbst zu tun!\u201c<\/h1>\n<div>\n<p>Wir m\u00f6chten Ihnen einen kleinen Einblick in unsere Arbeit erm\u00f6glichen und freuen uns \u00fcber Ihr Interesse!<\/p>\n<p>Sie haben Fragen oder Anregungen?<br \/>Sprechen Sie uns gerne an!<\/p>\n<p>Ihre Alexia Raderschad<br \/>und<br \/>Nadja Schichel<\/p>\n<\/div>\n<p><!--more--><br \/>\n<!-- {\"name\":\"Home\",\"type\":\"layout\",\"children\":[{\"type\":\"section\",\"props\":{\"style\":\"primary\",\"width\":\"\",\"vertical_align\":\"middle\",\"title_position\":\"top-left\",\"title_rotation\":\"left\",\"title_breakpoint\":\"xl\",\"image_position\":\"center-center\",\"padding\":\"none\",\"header_transparent_noplaceholder\":false,\"preserve_color\":false},\"children\":[{\"type\":\"row\",\"children\":[{\"type\":\"column\",\"props\":{\"image_position\":\"center-center\",\"media_overlay_gradient\":\"\",\"text_color\":\"light\",\"width_medium\":\"1-1\",\"position_sticky_breakpoint\":\"m\"},\"children\":[{\"type\":\"slideshow\",\"props\":{\"show_title\":true,\"show_meta\":true,\"show_content\":true,\"show_link\":true,\"show_thumbnail\":true,\"slideshow_min_height\":\"600\",\"slideshow_autoplay_pause\":true,\"nav\":\"\",\"nav_position\":\"bottom-center\",\"nav_position_margin\":\"medium\",\"nav_align\":\"center\",\"nav_breakpoint\":\"s\",\"thumbnav_width\":\"100\",\"thumbnav_height\":\"75\",\"thumbnav_svg_color\":\"emphasis\",\"slidenav\":\"\",\"slidenav_margin\":\"medium\",\"slidenav_breakpoint\":\"s\",\"slidenav_outside_breakpoint\":\"xl\",\"overlay_position\":\"center\",\"overlay_animation\":\"parallax\",\"title_element\":\"h1\",\"meta_style\":\"h4\",\"meta_align\":\"below-title\",\"link_text\":\"Read more\",\"link_style\":\"secondary\",\"margin\":\"remove-vertical\",\"slideshow_height\":\"full\",\"text_color\":\"light\",\"slideshow_box_shadow\":\"\",\"slideshow_box_decoration\":\"\",\"slideshow_animation\":\"fade\",\"slideshow_kenburns\":\"\",\"nav_margin\":\"\",\"nav_color\":\"\",\"slidenav_outside_color\":\"\",\"overlay_container\":\"\",\"overlay_container_padding\":\"\",\"overlay_width\":\"\",\"title_style\":\"heading-medium\",\"meta_margin\":\"small\",\"content_style\":\"text-lead\",\"content_margin\":\"large\",\"link_size\":\"large\",\"link_margin\":\"xlarge\",\"text_align\":\"center\",\"animation\":\"parallax\",\"slideshow_autoplay\":true,\"slideshow_autoplay_interval\":\"5\",\"css\":\"@media (max-width: 640px) {\\n    .el-meta {\\n        display: none;\\n    }\\n}\",\"image_width\":\"1840\",\"parallax_easing\":\"1\",\"meta_element\":\"div\"},\"children\":[{\"type\":\"slideshow_item\",\"props\":{\"image\":\"wp-content\\\/uploads\\\/DSC1997-scaled.jpeg\",\"title\":\"Piratenbande <br \/>Hennef\",\"meta\":\"Grosstagespflege\"}},{\"type\":\"slideshow_item\",\"props\":{\"image\":\"wp-content\\\/uploads\\\/DSC2025-scaled.jpeg\",\"title\":\"Piratenbande <br \/> Hennef\",\"meta\":\"Grosstagespflege\"}},{\"type\":\"slideshow_item\",\"props\":{\"image\":\"wp-content\\\/uploads\\\/DSC2010-scaled.jpeg\",\"title\":\"Piratenbande <br \/>Hennef\",\"meta\":\"Grosstagespflege\"}}]}]}]}],\"name\":\"Hero\"},{\"type\":\"section\",\"props\":{\"style\":\"default\",\"width\":\"default\",\"vertical_align\":\"middle\",\"title_position\":\"top-left\",\"title_rotation\":\"left\",\"title_breakpoint\":\"xl\",\"image_position\":\"center-center\"},\"children\":[{\"type\":\"row\",\"children\":[{\"type\":\"column\",\"props\":{\"image_position\":\"center-center\",\"media_overlay_gradient\":\"\",\"position_sticky_breakpoint\":\"m\"},\"children\":[]}]}]},{\"type\":\"section\",\"props\":{\"style\":\"default\",\"width\":\"default\",\"vertical_align\":\"middle\",\"title_position\":\"top-left\",\"title_rotation\":\"left\",\"title_breakpoint\":\"xl\",\"image_position\":\"center-center\",\"padding_remove_bottom\":true},\"children\":[{\"type\":\"row\",\"props\":{\"layout\":\"1-2,1-2\"},\"children\":[{\"type\":\"column\",\"props\":{\"image_position\":\"center-center\",\"media_overlay_gradient\":\"\",\"width_medium\":\"1-2\",\"position_sticky_breakpoint\":\"m\"},\"children\":[{\"type\":\"headline\",\"props\":{\"title_element\":\"h1\",\"content\":\"Die Tagespflege \\\"Piratenbande\\\" wird zur Gro\\u00dftagespflege\",\"title_style\":\"h4\"}},{\"type\":\"text\",\"props\":{\"margin\":\"default\",\"column_breakpoint\":\"m\",\"content\":\"\n\n<p>Liebe Eltern, liebe Leser!<\\\/p>\\n\n\n<p>Die Tagespflege \\u201ePiratenbande\\u201c wird zur Gro\\u00dftagespflege. Dies bedeutet, dass sich zwei Kindertagespflegepersonen zusammenschlie\\u00dfen und sich im sch\\u00f6nen Hennef - Geistingen R\\u00e4umlichkeiten anmieten.<\\\/p>\\n\n\n<p>In unserer Gro\\u00dftagespflege k\\u00f6nnen wir bis zu neun Piratenkinder im Alter von 0 bis 3 Jahren betreuen.<\\\/p>\\n\n\n<p>Dabei hat jedes Kind ihre feste Bezugskindertagespflegeperson, die mittels Betreuungsvertrag festgelegt sind. Diese Form der Betreuung hat f\\u00fcr uns viele Vorteile. Sie bietet uns als Kindertagespflegeperson zun\\u00e4chst einen t\\u00e4glichen fachlichen Austausch, Beobachtungen k\\u00f6nnen besprochen und z.B. neue Angebote vorbereitet und geplant werden. Zudem k\\u00f6nnen wir uns im Alltag in Kleingruppen aufteilen, um beispielsweise verschiedene Aktionen mit unseren Piraten durchzuf\\u00fchren oder um intensiveres Freispiel oder Lesephasen anzubieten.<\\\/p>\"}}]},{\"type\":\"column\",\"props\":{\"image_position\":\"center-center\",\"media_overlay_gradient\":\"\",\"width_medium\":\"1-2\",\"position_sticky_breakpoint\":\"m\"},\"children\":[{\"type\":\"image\",\"props\":{\"margin\":\"default\",\"image_svg_color\":\"emphasis\",\"image\":\"wp-content\\\/uploads\\\/DSC2045-scaled.jpeg\"}}]}]},{\"type\":\"row\",\"props\":{\"margin_remove_top\":true},\"children\":[{\"type\":\"column\",\"props\":{\"image_position\":\"center-center\",\"media_overlay_gradient\":\"\",\"position_sticky_breakpoint\":\"m\"},\"children\":[{\"type\":\"text\",\"props\":{\"margin\":\"default\",\"column_breakpoint\":\"m\",\"content\":\"\n\n<p>Die Piratenkinder haben zwei Ansprechpartnerinnen, was z.B. w\\u00e4hrend des Zubereitens der Mahlzeiten und des Wickelns von Vorteil ist.<\\\/p>\\n\n\n<p>Wir orientieren uns an dem p\\u00e4dagogischen Konzept von Maria Montessori. Die Erziehung zur Selbst\\u00e4ndigkeit und das eigenst\\u00e4ndige Lernen und Erforschen der Umwelt steht dabei im Mittelpunkt unserer Arbeit. Wir unterst\\u00fctzen die Kinder, wenn sie Hilfe ben\\u00f6tigen und sprechen ihnen Mut und Vertrauen in ihre eigenen F\\u00e4higkeiten zu. Ganz nach dem Motto von Montessori:<\\\/p>\"}},{\"type\":\"headline\",\"props\":{\"title_element\":\"h1\",\"content\":\"\\u201eHilf mir es selbst zu tun!\\u201c\",\"title_style\":\"h4\",\"text_align\":\"center\",\"margin_remove_top\":true}},{\"type\":\"text\",\"props\":{\"margin\":\"default\",\"column_breakpoint\":\"m\",\"content\":\"\n\n<p>Wir m\\u00f6chten Ihnen einen kleinen Einblick in unsere Arbeit erm\\u00f6glichen und freuen uns \\u00fcber Ihr Interesse!<\\\/p>\\n\n\n<p>Sie haben Fragen oder Anregungen?<br \\\/>Sprechen Sie uns gerne an!<\\\/p>\\n\n\n<p>Ihre Alexia Raderschad<br \\\/>und<br \\\/>Nadja Schichel<\\\/p>\"}}]}]}]}],\"version\":\"3.0.6\"} --><\/p>\n","protected":false},"excerpt":{"rendered":"<p>Piratenbande Hennef Grosstagespflege Piratenbande Hennef Grosstagespflege Piratenbande Hennef Grosstagespflege Die Tagespflege &#8222;Piratenbande&#8220; wird zur Gro\u00dftagespflege Liebe Eltern, liebe Leser! Die Tagespflege \u201ePiratenbande\u201c wird zur Gro\u00dftagespflege. Dies bedeutet, dass sich zwei Kindertagespflegepersonen zusammenschlie\u00dfen und sich im sch\u00f6nen Hennef &#8211; Geistingen R\u00e4umlichkeiten anmieten. In unserer Gro\u00dftagespflege k\u00f6nnen wir bis zu neun Piratenkinder im Alter von 0 bis [&hellip;]<\/p>\n","protected":false},"author":1,"featured_media":0,"parent":0,"menu_order":1,"comment_status":"closed","ping_status":"closed","template":"","meta":{"footnotes":""},"yoast_head":"<!-- This site is optimized with the Yoast SEO plugin v22.6 - https:\/\/yoast.com\/wordpress\/plugins\/seo\/ -->\n<title>Home - Piratenbande Hennef - Grosstagespflege<\/title>\n<meta name=\"robots\" content=\"index, follow, max-snippet:-1, max-image-preview:large, max-video-preview:-1\" \/>\n<link rel=\"canonical\" href=\"https:\/\/piratenbande-hennef.de\/\" \/>\n<meta property=\"og:locale\" content=\"de_DE\" \/>\n<meta property=\"og:type\" content=\"article\" \/>\n<meta property=\"og:title\" content=\"Home - Piratenbande Hennef - Grosstagespflege\" \/>\n<meta property=\"og:description\" content=\"Piratenbande Hennef Grosstagespflege Piratenbande Hennef Grosstagespflege Piratenbande Hennef Grosstagespflege Die Tagespflege &#8222;Piratenbande&#8220; wird zur Gro\u00dftagespflege Liebe Eltern, liebe Leser! Die Tagespflege \u201ePiratenbande\u201c wird zur Gro\u00dftagespflege. Dies bedeutet, dass sich zwei Kindertagespflegepersonen zusammenschlie\u00dfen und sich im sch\u00f6nen Hennef &#8211; Geistingen R\u00e4umlichkeiten anmieten. In unserer Gro\u00dftagespflege k\u00f6nnen wir bis zu neun Piratenkinder im Alter von 0 bis [&hellip;]\" \/>\n<meta property=\"og:url\" content=\"https:\/\/piratenbande-hennef.de\/\" \/>\n<meta property=\"og:site_name\" content=\"Piratenbande Hennef - Grosstagespflege\" \/>\n<meta property=\"article:modified_time\" content=\"2022-10-17T10:02:05+00:00\" \/>\n<meta name=\"twitter:card\" content=\"summary_large_image\" \/>\n<meta name=\"twitter:label1\" content=\"Gesch\u00e4tzte Lesezeit\" \/>\n\t<meta name=\"twitter:data1\" content=\"1\u00a0Minute\" \/>\n<script type=\"application\/ld+json\" class=\"yoast-schema-graph\">{\"@context\":\"https:\/\/schema.org\",\"@graph\":[{\"@type\":\"WebPage\",\"@id\":\"https:\/\/piratenbande-hennef.de\/\",\"url\":\"https:\/\/piratenbande-hennef.de\/\",\"name\":\"Home - Piratenbande Hennef - Grosstagespflege\",\"isPartOf\":{\"@id\":\"https:\/\/piratenbande-hennef.de\/#website\"},\"datePublished\":\"2019-03-25T09:55:29+00:00\",\"dateModified\":\"2022-10-17T10:02:05+00:00\",\"breadcrumb\":{\"@id\":\"https:\/\/piratenbande-hennef.de\/#breadcrumb\"},\"inLanguage\":\"de\",\"potentialAction\":[{\"@type\":\"ReadAction\",\"target\":[\"https:\/\/piratenbande-hennef.de\/\"]}]},{\"@type\":\"BreadcrumbList\",\"@id\":\"https:\/\/piratenbande-hennef.de\/#breadcrumb\",\"itemListElement\":[{\"@type\":\"ListItem\",\"position\":1,\"name\":\"Startseite\",\"item\":\"https:\/\/piratenbande-hennef.de\/\"},{\"@type\":\"ListItem\",\"position\":2,\"name\":\"Home\"}]},{\"@type\":\"WebSite\",\"@id\":\"https:\/\/piratenbande-hennef.de\/#website\",\"url\":\"https:\/\/piratenbande-hennef.de\/\",\"name\":\"Piratenbande Hennef - Grosstagespflege\",\"description\":\"Grosstagespflege Piratenbande Hennef\",\"publisher\":{\"@id\":\"https:\/\/piratenbande-hennef.de\/#organization\"},\"potentialAction\":[{\"@type\":\"SearchAction\",\"target\":{\"@type\":\"EntryPoint\",\"urlTemplate\":\"https:\/\/piratenbande-hennef.de\/?s={search_term_string}\"},\"query-input\":\"required name=search_term_string\"}],\"inLanguage\":\"de\"},{\"@type\":\"Organization\",\"@id\":\"https:\/\/piratenbande-hennef.de\/#organization\",\"name\":\"Grosstagespflege Piratenbande Hennef\",\"url\":\"https:\/\/piratenbande-hennef.de\/\",\"logo\":{\"@type\":\"ImageObject\",\"inLanguage\":\"de\",\"@id\":\"https:\/\/piratenbande-hennef.de\/#\/schema\/logo\/image\/\",\"url\":\"https:\/\/piratenbande-hennef.de\/wp-content\/uploads\/logo-01.png\",\"contentUrl\":\"https:\/\/piratenbande-hennef.de\/wp-content\/uploads\/logo-01.png\",\"width\":550,\"height\":463,\"caption\":\"Grosstagespflege Piratenbande Hennef\"},\"image\":{\"@id\":\"https:\/\/piratenbande-hennef.de\/#\/schema\/logo\/image\/\"}}]}<\/script>\n<!-- \/ Yoast SEO plugin. -->","yoast_head_json":{"title":"Home - Piratenbande Hennef - Grosstagespflege","robots":{"index":"index","follow":"follow","max-snippet":"max-snippet:-1","max-image-preview":"max-image-preview:large","max-video-preview":"max-video-preview:-1"},"canonical":"https:\/\/piratenbande-hennef.de\/","og_locale":"de_DE","og_type":"article","og_title":"Home - Piratenbande Hennef - Grosstagespflege","og_description":"Piratenbande Hennef Grosstagespflege Piratenbande Hennef Grosstagespflege Piratenbande Hennef Grosstagespflege Die Tagespflege &#8222;Piratenbande&#8220; wird zur Gro\u00dftagespflege Liebe Eltern, liebe Leser! Die Tagespflege \u201ePiratenbande\u201c wird zur Gro\u00dftagespflege. Dies bedeutet, dass sich zwei Kindertagespflegepersonen zusammenschlie\u00dfen und sich im sch\u00f6nen Hennef &#8211; Geistingen R\u00e4umlichkeiten anmieten. In unserer Gro\u00dftagespflege k\u00f6nnen wir bis zu neun Piratenkinder im Alter von 0 bis [&hellip;]","og_url":"https:\/\/piratenbande-hennef.de\/","og_site_name":"Piratenbande Hennef - Grosstagespflege","article_modified_time":"2022-10-17T10:02:05+00:00","twitter_card":"summary_large_image","twitter_misc":{"Gesch\u00e4tzte Lesezeit":"1\u00a0Minute"},"schema":{"@context":"https:\/\/schema.org","@graph":[{"@type":"WebPage","@id":"https:\/\/piratenbande-hennef.de\/","url":"https:\/\/piratenbande-hennef.de\/","name":"Home - Piratenbande Hennef - Grosstagespflege","isPartOf":{"@id":"https:\/\/piratenbande-hennef.de\/#website"},"datePublished":"2019-03-25T09:55:29+00:00","dateModified":"2022-10-17T10:02:05+00:00","breadcrumb":{"@id":"https:\/\/piratenbande-hennef.de\/#breadcrumb"},"inLanguage":"de","potentialAction":[{"@type":"ReadAction","target":["https:\/\/piratenbande-hennef.de\/"]}]},{"@type":"BreadcrumbList","@id":"https:\/\/piratenbande-hennef.de\/#breadcrumb","itemListElement":[{"@type":"ListItem","position":1,"name":"Startseite","item":"https:\/\/piratenbande-hennef.de\/"},{"@type":"ListItem","position":2,"name":"Home"}]},{"@type":"WebSite","@id":"https:\/\/piratenbande-hennef.de\/#website","url":"https:\/\/piratenbande-hennef.de\/","name":"Piratenbande Hennef - Grosstagespflege","description":"Grosstagespflege Piratenbande Hennef","publisher":{"@id":"https:\/\/piratenbande-hennef.de\/#organization"},"potentialAction":[{"@type":"SearchAction","target":{"@type":"EntryPoint","urlTemplate":"https:\/\/piratenbande-hennef.de\/?s={search_term_string}"},"query-input":"required name=search_term_string"}],"inLanguage":"de"},{"@type":"Organization","@id":"https:\/\/piratenbande-hennef.de\/#organization","name":"Grosstagespflege Piratenbande Hennef","url":"https:\/\/piratenbande-hennef.de\/","logo":{"@type":"ImageObject","inLanguage":"de","@id":"https:\/\/piratenbande-hennef.de\/#\/schema\/logo\/image\/","url":"https:\/\/piratenbande-hennef.de\/wp-content\/uploads\/logo-01.png","contentUrl":"https:\/\/piratenbande-hennef.de\/wp-content\/uploads\/logo-01.png","width":550,"height":463,"caption":"Grosstagespflege Piratenbande Hennef"},"image":{"@id":"https:\/\/piratenbande-hennef.de\/#\/schema\/logo\/image\/"}}]}},"_links":{"self":[{"href":"https:\/\/piratenbande-hennef.de\/index.php?rest_route=\/wp\/v2\/pages\/17"}],"collection":[{"href":"https:\/\/piratenbande-hennef.de\/index.php?rest_route=\/wp\/v2\/pages"}],"about":[{"href":"https:\/\/piratenbande-hennef.de\/index.php?rest_route=\/wp\/v2\/types\/page"}],"author":[{"embeddable":true,"href":"https:\/\/piratenbande-hennef.de\/index.php?rest_route=\/wp\/v2\/users\/1"}],"replies":[{"embeddable":true,"href":"https:\/\/piratenbande-hennef.de\/index.php?rest_route=%2Fwp%2Fv2%2Fcomments&post=17"}],"version-history":[{"count":40,"href":"https:\/\/piratenbande-hennef.de\/index.php?rest_route=\/wp\/v2\/pages\/17\/revisions"}],"predecessor-version":[{"id":650,"href":"https:\/\/piratenbande-hennef.de\/index.php?rest_route=\/wp\/v2\/pages\/17\/revisions\/650"}],"wp:attachment":[{"href":"https:\/\/piratenbande-hennef.de\/index.php?rest_route=%2Fwp%2Fv2%2Fmedia&parent=17"}],"curies":[{"name":"wp","href":"https:\/\/api.w.org\/{rel}","templated":true}]}}